{"id":237,"date":"2022-01-27T16:40:19","date_gmt":"2022-01-27T16:40:19","guid":{"rendered":"https:\/\/cursos.qualos.com.mx\/?page_id=237"},"modified":"2022-02-24T17:16:10","modified_gmt":"2022-02-24T17:16:10","slug":"core-tools-basico","status":"publish","type":"page","link":"https:\/\/cursos.qualos.com.mx\/index.php\/core-tools-basico\/","title":{"rendered":"Core tools basico"},"content":{"rendered":"\n<p><strong>OBJETIVO<\/strong>&nbsp;<\/p>\n\n\n\n<p>El participante obtendr\u00e1 los conocimientos b\u00e1sicos de las herramientas de Core Tools y requerimientos del sector automotriz de la AIAG, su aplicaci\u00f3n y administraci\u00f3n en los procesos y productos de la empresa.&nbsp;<\/p>\n\n\n\n<p><strong>ALCANCE<\/strong>&nbsp;<\/p>\n\n\n\n<p><strong>Duraci\u00f3n del curso<\/strong>: 12 horas.\u00a0<\/p>\n\n\n\n<p><strong>TEMARIO<\/strong>&nbsp;<\/p>\n\n\n\n<p><strong>SPC&nbsp;<\/strong>&nbsp;<\/p>\n\n\n\n<ul class=\"wp-block-list\"><li>Conceptos B\u00e1sicos de la Calidad&nbsp;&nbsp;&nbsp;<\/li><li>Recolecci\u00f3n de datos&nbsp;&nbsp;&nbsp;<\/li><li>Conceptos&nbsp;&nbsp;<\/li><\/ul>\n\n\n\n<ul class=\"wp-block-list\"><li>Media, variancia y desviaci\u00f3n est\u00e1ndar de una muestra&nbsp;&nbsp;<\/li><li>Gr\u00e1ficas de control por variables y atributos&nbsp;&nbsp;<\/li><li>Conceptos CP y CPk&nbsp;&nbsp;<\/li><\/ul>\n\n\n\n<p><strong>MSA<\/strong>&nbsp;<\/p>\n\n\n\n<ul class=\"wp-block-list\"><li>Introducci\u00f3n a los sistemas de medici\u00f3n&nbsp;&nbsp;<\/li><li>Calidad de los datos de medici\u00f3n&nbsp;&nbsp;<\/li><li>Fuentes de variaci\u00f3n&nbsp;&nbsp;<\/li><li>Conceptos de estudios estad\u00edsticos&nbsp;<\/li><\/ul>\n\n\n\n<ul class=\"wp-block-list\"><li>Sesgo&nbsp;<\/li><li>Linealidad&nbsp;&nbsp;<\/li><li>Repetibilidad y reproducibilidad (R &amp; R)&nbsp;&nbsp;<\/li><\/ul>\n\n\n\n<p><strong>AIAG &amp; VDA FMEA<\/strong>&nbsp;<\/p>\n\n\n\n<ul class=\"wp-block-list\"><li>Principales cambios&nbsp;<\/li><li>Beneficios del nuevo AMEF&nbsp;<\/li><li>Proceso de transici\u00f3n&nbsp;<\/li><li>An\u00e1lisis de la estructura&nbsp;<\/li><\/ul>\n\n\n\n<p><strong>PLAN CONTROL<\/strong><strong>&nbsp;<\/strong>&nbsp;<\/p>\n\n\n\n<ul class=\"wp-block-list\"><li>Introducci\u00f3n&nbsp;&nbsp;<\/li><li>Inputs para plan de control&nbsp;<\/li><li>Descripci\u00f3n de campos y columnas&nbsp;<\/li><li>Formatos Plan Control&nbsp;<\/li><\/ul>\n\n\n\n<p><strong>PPAP&nbsp;&nbsp;<\/strong>&nbsp;<\/p>\n\n\n\n<ul class=\"wp-block-list\"><li>Prop\u00f3sito, aplicaci\u00f3n y enfoque del PPAP.&nbsp;&nbsp;<\/li><li>Requisitos para el PPAP.&nbsp;&nbsp;<\/li><li>Niveles de emisi\u00f3n a los clientes.&nbsp;&nbsp;<\/li><\/ul>\n\n\n\n<p><strong>APQP&nbsp;&nbsp;<\/strong>&nbsp;<\/p>\n\n\n\n<ul class=\"wp-block-list\"><li>Introducci\u00f3n y objetivos del APQP&nbsp;&nbsp;<\/li><li>Planeaci\u00f3n y Definici\u00f3n de un programa&nbsp;&nbsp;<\/li><li>Dise\u00f1o y desarrollo del producto&nbsp;&nbsp;<\/li><li>Dise\u00f1o y desarrollo del proceso&nbsp;&nbsp;<\/li><\/ul>\n\n\n\n<ul class=\"wp-block-list\"><li>Validaci\u00f3n del producto y del proceso&nbsp;<\/li><\/ul>\n\n\n\n<p style=\"font-size:8px\"><a href=\"https:\/\/api.whatsapp.com\/send?phone=5218445549006\" data-type=\"URL\" data-id=\"https:\/\/api.whatsapp.com\/send?phone=5218445549006\"><img decoding=\"async\" width=\"100\" height=\"100\" class=\"wp-image-242\" style=\"width: 100px;\" src=\"https:\/\/cursos.qualos.com.mx\/wp-content\/uploads\/2022\/01\/descarga-4.jpeg\" alt=\"\" srcset=\"https:\/\/cursos.qualos.com.mx\/wp-content\/uploads\/2022\/01\/descarga-4.jpeg 224w, https:\/\/cursos.qualos.com.mx\/wp-content\/uploads\/2022\/01\/descarga-4-100x100.jpeg 100w, https:\/\/cursos.qualos.com.mx\/wp-content\/uploads\/2022\/01\/descarga-4-150x150.jpeg 150w\" sizes=\"(max-width: 100px) 100vw, 100px\" \/><\/a><\/p>\n","protected":false},"excerpt":{"rendered":"<p>OBJETIVO&nbsp; El participante obtendr\u00e1 los conocimientos b\u00e1sicos de las herramientas de Core Tools y requerimientos del sector automotriz de la AIAG, su aplicaci\u00f3n y administraci\u00f3n en los procesos y productos de la empresa.&nbsp; ALCANCE&nbsp; Duraci\u00f3n del curso: 12 horas.\u00a0 TEMARIO&nbsp; SPC&nbsp;&nbsp; Conceptos B\u00e1sicos de la Calidad&nbsp;&nbsp;&nbsp; Recolecci\u00f3n de datos&nbsp;&nbsp;&nbsp; Conceptos&nbsp;&nbsp; Media, variancia y desviaci\u00f3n est\u00e1ndar&hellip;&nbsp;<a href=\"https:\/\/cursos.qualos.com.mx\/index.php\/core-tools-basico\/\" rel=\"bookmark\">Leer m\u00e1s &raquo;<span class=\"screen-reader-text\">Core tools basico<\/span><\/a><\/p>\n","protected":false},"author":1,"featured_media":0,"parent":0,"menu_order":0,"comment_status":"closed","ping_status":"closed","template":"","meta":{"neve_meta_sidebar":"","neve_meta_container":"","neve_meta_enable_content_width":"","neve_meta_content_width":0,"neve_meta_title_alignment":"","neve_meta_author_avatar":"","neve_post_elements_order":"","neve_meta_disable_header":"","neve_meta_disable_footer":"","neve_meta_disable_title":"","_joinchat":[],"footnotes":""},"class_list":["post-237","page","type-page","status-publish","hentry"],"jetpack_sharing_enabled":true,"_links":{"self":[{"href":"https:\/\/cursos.qualos.com.mx\/index.php\/wp-json\/wp\/v2\/pages\/237","targetHints":{"allow":["GET"]}}],"collection":[{"href":"https:\/\/cursos.qualos.com.mx\/index.php\/wp-json\/wp\/v2\/pages"}],"about":[{"href":"https:\/\/cursos.qualos.com.mx\/index.php\/wp-json\/wp\/v2\/types\/page"}],"author":[{"embeddable":true,"href":"https:\/\/cursos.qualos.com.mx\/index.php\/wp-json\/wp\/v2\/users\/1"}],"replies":[{"embeddable":true,"href":"https:\/\/cursos.qualos.com.mx\/index.php\/wp-json\/wp\/v2\/comments?post=237"}],"version-history":[{"count":6,"href":"https:\/\/cursos.qualos.com.mx\/index.php\/wp-json\/wp\/v2\/pages\/237\/revisions"}],"predecessor-version":[{"id":328,"href":"https:\/\/cursos.qualos.com.mx\/index.php\/wp-json\/wp\/v2\/pages\/237\/revisions\/328"}],"wp:attachment":[{"href":"https:\/\/cursos.qualos.com.mx\/index.php\/wp-json\/wp\/v2\/media?parent=237"}],"curies":[{"name":"wp","href":"https:\/\/api.w.org\/{rel}","templated":true}]}}