{"id":263,"date":"2022-01-27T17:57:35","date_gmt":"2022-01-27T17:57:35","guid":{"rendered":"https:\/\/cursos.qualos.com.mx\/?page_id=263"},"modified":"2022-01-27T18:04:55","modified_gmt":"2022-01-27T18:04:55","slug":"basico-gdt-asme-y14-5-2018","status":"publish","type":"page","link":"https:\/\/cursos.qualos.com.mx\/index.php\/basico-gdt-asme-y14-5-2018\/","title":{"rendered":"B\u00e1sico GD&#038;T- ASME Y14.5-2018"},"content":{"rendered":"\n<p><strong>OBJETIVO<\/strong>&nbsp;<\/p>\n\n\n\n<p>El participante podr\u00e1 hacer una Interpretaci\u00f3n de las Dimensiones y Tolerancias Geom\u00e9tricas contenidas en una especificaci\u00f3n.&nbsp;<\/p>\n\n\n\n<p><strong>ALCANCE<\/strong>&nbsp;<\/p>\n\n\n\n<p><strong>Duraci\u00f3n del curso:<\/strong> 08 horas&nbsp;<\/p>\n\n\n\n<p><strong>TEMARIO<\/strong>&nbsp;<\/p>\n\n\n\n<p><strong>Introducci\u00f3n&nbsp;<\/strong>&nbsp;<\/p>\n\n\n\n<ul class=\"wp-block-list\"><li>Evaluaci\u00f3n inicial&nbsp;<\/li><li>Dibujo de ingenier\u00eda&nbsp;<\/li><li>GDT&nbsp;<\/li><\/ul>\n\n\n\n<ul class=\"wp-block-list\"><li>Calidad y los dibujos&nbsp;<\/li><\/ul>\n\n\n\n<p><strong>Tipos de tolerancias<\/strong>&nbsp;<\/p>\n\n\n\n<ul class=\"wp-block-list\"><li>L\u00edmite de tolerancia&nbsp;<\/li><li>Tolerancia m\u00e1s menos&nbsp;<\/li><li>Bilateral igual&nbsp;<\/li><\/ul>\n\n\n\n<ul class=\"wp-block-list\"><li>Bilateral desigual&nbsp;<\/li><li>Unilateral&nbsp;<\/li><\/ul>\n\n\n\n<p><strong>Especificaciones m\u00e9tricas de las dimensiones<\/strong>&nbsp;<\/p>\n\n\n\n<ul class=\"wp-block-list\"><li>Sistema m\u00e9trico&nbsp;<\/li><li>Sistema ingles&nbsp;<\/li><\/ul>\n\n\n\n<p><strong>Estructura de los dibujos<\/strong>&nbsp;<\/p>\n\n\n\n<p><strong>Tipos de l\u00edneas<\/strong>&nbsp;<\/p>\n\n\n\n<ul class=\"wp-block-list\"><li>Delgada&nbsp;<\/li><li>Central&nbsp;<\/li><li>Simetr\u00eda&nbsp;<\/li><\/ul>\n\n\n\n<ul class=\"wp-block-list\"><li>Extensi\u00f3n y dimensi\u00f3n&nbsp;<\/li><li>Angulo&nbsp;<\/li><li>Cruce de l\u00ednea&nbsp;<\/li><li>Gu\u00eda&nbsp;<\/li><li>L\u00ednea de ruptura&nbsp;<\/li><\/ul>\n\n\n\n<ul class=\"wp-block-list\"><li>Corte de plano&nbsp;<\/li><li>Visible&nbsp;<\/li><li>Secci\u00f3n&nbsp;<\/li><li>Fantasma&nbsp;<\/li><li>Punteada&nbsp;<\/li><\/ul>\n\n\n\n<ul class=\"wp-block-list\"><li>Cadena&nbsp;<\/li><li>Proyecci\u00f3n isom\u00e9trica&nbsp;<\/li><\/ul>\n\n\n\n<p>&nbsp;<strong>S\u00edmbolos y caracter\u00edsticas geom\u00e9tricas b\u00e1sicas<\/strong>&nbsp;<\/p>\n\n\n\n<ul class=\"wp-block-list\"><li>Grupo forma&nbsp;<\/li><li>Grupo perfil&nbsp;<\/li><\/ul>\n\n\n\n<ul class=\"wp-block-list\"><li>Grupo orientaci\u00f3n&nbsp;<\/li><li>Grupo localizaci\u00f3n&nbsp;<\/li><li>Grupo oscilaci\u00f3n&nbsp;<\/li><\/ul>\n\n\n\n<p><strong>Condiciones de material b\u00e1sico<\/strong>&nbsp;<\/p>\n\n\n\n<ul class=\"wp-block-list\"><li>LMC&nbsp;<\/li><\/ul>\n\n\n\n<ul class=\"wp-block-list\"><li>MMC&nbsp;<\/li><\/ul>\n\n\n\n<p>&nbsp;<strong>Introducci\u00f3n a dimensiones b\u00e1sicas&nbsp;<\/strong>&nbsp;<\/p>\n\n\n\n<ul class=\"wp-block-list\"><li>B\u00e1sicas&nbsp;<\/li><li>Referencias&nbsp;<\/li><\/ul>\n\n\n\n<p><strong>Introducci\u00f3n a los Datums<\/strong>&nbsp;<\/p>\n\n\n\n<ul class=\"wp-block-list\"><li>Primario\u00a0<\/li><li>Secundario\u00a0<\/li><li>Terciario\u00a0<\/li><\/ul>\n\n\n\n<figure class=\"wp-block-image size-full is-resized\"><a href=\"https:\/\/api.whatsapp.com\/send?phone=5218445549006\"><img decoding=\"async\" src=\"https:\/\/cursos.qualos.com.mx\/wp-content\/uploads\/2022\/01\/descarga-4.jpeg\" alt=\"\" class=\"wp-image-242\" width=\"104\" height=\"104\" srcset=\"https:\/\/cursos.qualos.com.mx\/wp-content\/uploads\/2022\/01\/descarga-4.jpeg 224w, https:\/\/cursos.qualos.com.mx\/wp-content\/uploads\/2022\/01\/descarga-4-100x100.jpeg 100w, https:\/\/cursos.qualos.com.mx\/wp-content\/uploads\/2022\/01\/descarga-4-150x150.jpeg 150w\" sizes=\"(max-width: 104px) 100vw, 104px\" \/><\/a><\/figure>\n","protected":false},"excerpt":{"rendered":"<p>OBJETIVO&nbsp; El participante podr\u00e1 hacer una Interpretaci\u00f3n de las Dimensiones y Tolerancias Geom\u00e9tricas contenidas en una especificaci\u00f3n.&nbsp; ALCANCE&nbsp; Duraci\u00f3n del curso: 08 horas&nbsp; TEMARIO&nbsp; Introducci\u00f3n&nbsp;&nbsp; Evaluaci\u00f3n inicial&nbsp; Dibujo de ingenier\u00eda&nbsp; GDT&nbsp; Calidad y los dibujos&nbsp; Tipos de tolerancias&nbsp; L\u00edmite de tolerancia&nbsp; Tolerancia m\u00e1s menos&nbsp; Bilateral igual&nbsp; Bilateral desigual&nbsp; Unilateral&nbsp; Especificaciones m\u00e9tricas de las dimensiones&nbsp; Sistema&hellip;&nbsp;<a href=\"https:\/\/cursos.qualos.com.mx\/index.php\/basico-gdt-asme-y14-5-2018\/\" rel=\"bookmark\">Leer m\u00e1s &raquo;<span class=\"screen-reader-text\">B\u00e1sico GD&#038;T- ASME Y14.5-2018<\/span><\/a><\/p>\n","protected":false},"author":1,"featured_media":0,"parent":0,"menu_order":0,"comment_status":"closed","ping_status":"closed","template":"","meta":{"neve_meta_sidebar":"full-width","neve_meta_container":"","neve_meta_enable_content_width":"on","neve_meta_content_width":100,"neve_meta_title_alignment":"","neve_meta_author_avatar":"","neve_post_elements_order":"","neve_meta_disable_header":"","neve_meta_disable_footer":"","neve_meta_disable_title":"","_joinchat":[],"footnotes":""},"class_list":["post-263","page","type-page","status-publish","hentry"],"jetpack_sharing_enabled":true,"_links":{"self":[{"href":"https:\/\/cursos.qualos.com.mx\/index.php\/wp-json\/wp\/v2\/pages\/263","targetHints":{"allow":["GET"]}}],"collection":[{"href":"https:\/\/cursos.qualos.com.mx\/index.php\/wp-json\/wp\/v2\/pages"}],"about":[{"href":"https:\/\/cursos.qualos.com.mx\/index.php\/wp-json\/wp\/v2\/types\/page"}],"author":[{"embeddable":true,"href":"https:\/\/cursos.qualos.com.mx\/index.php\/wp-json\/wp\/v2\/users\/1"}],"replies":[{"embeddable":true,"href":"https:\/\/cursos.qualos.com.mx\/index.php\/wp-json\/wp\/v2\/comments?post=263"}],"version-history":[{"count":2,"href":"https:\/\/cursos.qualos.com.mx\/index.php\/wp-json\/wp\/v2\/pages\/263\/revisions"}],"predecessor-version":[{"id":271,"href":"https:\/\/cursos.qualos.com.mx\/index.php\/wp-json\/wp\/v2\/pages\/263\/revisions\/271"}],"wp:attachment":[{"href":"https:\/\/cursos.qualos.com.mx\/index.php\/wp-json\/wp\/v2\/media?parent=263"}],"curies":[{"name":"wp","href":"https:\/\/api.w.org\/{rel}","templated":true}]}}