{"id":267,"date":"2022-01-27T18:03:02","date_gmt":"2022-01-27T18:03:02","guid":{"rendered":"https:\/\/cursos.qualos.com.mx\/?page_id=267"},"modified":"2022-01-27T18:05:31","modified_gmt":"2022-01-27T18:05:31","slug":"gestion-de-riesgos-basado-en-procesos","status":"publish","type":"page","link":"https:\/\/cursos.qualos.com.mx\/index.php\/gestion-de-riesgos-basado-en-procesos\/","title":{"rendered":"Gesti\u00f3n de Riesgos &#8211; Basado en procesos"},"content":{"rendered":"\n<p><strong>OBJETIVO<\/strong>&nbsp;<\/p>\n\n\n\n<p>Dar al participante herramientas para la evaluaci\u00f3n y c\u00e1lculo del riesgo, con el enfoque de los requerimientos del est\u00e1ndar ISO 31000:2018 Gesti\u00f3n de Riesgos.&nbsp;&nbsp;&nbsp;<\/p>\n\n\n\n<p><strong>ALCANCE<\/strong>&nbsp;<\/p>\n\n\n\n<p><strong>Duraci\u00f3n del curso<\/strong>: 08 horas en total.&nbsp;<\/p>\n\n\n\n<p><strong>TEMARIO<\/strong>&nbsp;<\/p>\n\n\n\n<ul class=\"wp-block-list\"><li>Elementos de probabilidad&nbsp;<\/li><li>\u00bfQu\u00e9 es el riesgo?&nbsp;<\/li><li>Concientizaci\u00f3n del riesgo y su relaci\u00f3n con la Norma ISO 9001:2015 e IATF 16949:2016&nbsp;<\/li><\/ul>\n\n\n\n<ul class=\"wp-block-list\"><li>Referencia de Riesgo con la Gu\u00eda de la ISO 31000:2018&nbsp;&nbsp;<\/li><li>C\u00e1lculo del riesgo y matriz de riesgo.&nbsp;&nbsp;<\/li><li>An\u00e1lisis del riesgo de procesos administrativos y de apoyo&nbsp;<\/li><li>An\u00e1lisis del riesgo en procesos operativos&nbsp;<\/li><\/ul>\n\n\n\n<figure class=\"wp-block-image size-full is-resized\"><a href=\"https:\/\/api.whatsapp.com\/send?phone=5218445549006\"><img decoding=\"async\" src=\"https:\/\/cursos.qualos.com.mx\/wp-content\/uploads\/2022\/01\/descarga-4.jpeg\" alt=\"\" class=\"wp-image-242\" width=\"94\" height=\"94\" srcset=\"https:\/\/cursos.qualos.com.mx\/wp-content\/uploads\/2022\/01\/descarga-4.jpeg 224w, https:\/\/cursos.qualos.com.mx\/wp-content\/uploads\/2022\/01\/descarga-4-100x100.jpeg 100w, https:\/\/cursos.qualos.com.mx\/wp-content\/uploads\/2022\/01\/descarga-4-150x150.jpeg 150w\" sizes=\"(max-width: 94px) 100vw, 94px\" \/><\/a><\/figure>\n\n\n\n<p><\/p>\n","protected":false},"excerpt":{"rendered":"<p>OBJETIVO&nbsp; Dar al participante herramientas para la evaluaci\u00f3n y c\u00e1lculo del riesgo, con el enfoque de los requerimientos del est\u00e1ndar ISO 31000:2018 Gesti\u00f3n de Riesgos.&nbsp;&nbsp;&nbsp; ALCANCE&nbsp; Duraci\u00f3n del curso: 08 horas en total.&nbsp; TEMARIO&nbsp; Elementos de probabilidad&nbsp; \u00bfQu\u00e9 es el riesgo?&nbsp; Concientizaci\u00f3n del riesgo y su relaci\u00f3n con la Norma ISO 9001:2015 e IATF 16949:2016&nbsp;&hellip;&nbsp;<a href=\"https:\/\/cursos.qualos.com.mx\/index.php\/gestion-de-riesgos-basado-en-procesos\/\" rel=\"bookmark\">Leer m\u00e1s &raquo;<span class=\"screen-reader-text\">Gesti\u00f3n de Riesgos &#8211; Basado en procesos<\/span><\/a><\/p>\n","protected":false},"author":1,"featured_media":0,"parent":0,"menu_order":0,"comment_status":"closed","ping_status":"closed","template":"","meta":{"neve_meta_sidebar":"full-width","neve_meta_container":"","neve_meta_enable_content_width":"on","neve_meta_content_width":100,"neve_meta_title_alignment":"","neve_meta_author_avatar":"","neve_post_elements_order":"","neve_meta_disable_header":"","neve_meta_disable_footer":"","neve_meta_disable_title":"","_joinchat":[],"footnotes":""},"class_list":["post-267","page","type-page","status-publish","hentry"],"jetpack_sharing_enabled":true,"_links":{"self":[{"href":"https:\/\/cursos.qualos.com.mx\/index.php\/wp-json\/wp\/v2\/pages\/267","targetHints":{"allow":["GET"]}}],"collection":[{"href":"https:\/\/cursos.qualos.com.mx\/index.php\/wp-json\/wp\/v2\/pages"}],"about":[{"href":"https:\/\/cursos.qualos.com.mx\/index.php\/wp-json\/wp\/v2\/types\/page"}],"author":[{"embeddable":true,"href":"https:\/\/cursos.qualos.com.mx\/index.php\/wp-json\/wp\/v2\/users\/1"}],"replies":[{"embeddable":true,"href":"https:\/\/cursos.qualos.com.mx\/index.php\/wp-json\/wp\/v2\/comments?post=267"}],"version-history":[{"count":2,"href":"https:\/\/cursos.qualos.com.mx\/index.php\/wp-json\/wp\/v2\/pages\/267\/revisions"}],"predecessor-version":[{"id":272,"href":"https:\/\/cursos.qualos.com.mx\/index.php\/wp-json\/wp\/v2\/pages\/267\/revisions\/272"}],"wp:attachment":[{"href":"https:\/\/cursos.qualos.com.mx\/index.php\/wp-json\/wp\/v2\/media?parent=267"}],"curies":[{"name":"wp","href":"https:\/\/api.w.org\/{rel}","templated":true}]}}