{"id":309,"date":"2022-02-17T18:53:25","date_gmt":"2022-02-17T18:53:25","guid":{"rendered":"https:\/\/cursos.qualos.com.mx\/?page_id=309"},"modified":"2022-02-17T18:53:26","modified_gmt":"2022-02-17T18:53:26","slug":"auditor-interno-iso-90012015","status":"publish","type":"page","link":"https:\/\/cursos.qualos.com.mx\/index.php\/auditor-interno-iso-90012015\/","title":{"rendered":"Auditor Interno ISO 9001:2015"},"content":{"rendered":"\n<p><strong>OBJETIVO<\/strong>&nbsp;<\/p>\n\n\n\n<p>El auditor interno obtendr\u00e1 los conocimientos para planificar y realizar auditor\u00edas al sistema de gesti\u00f3n de la calidad en la norma ISO 9001:2015, asumiendo el rol del auditor interno con base en la norma&nbsp;&nbsp;<\/p>\n\n\n\n<p>ISO 19011:2018.&nbsp;<\/p>\n\n\n\n<p><strong>ALCANCE<\/strong>&nbsp;<\/p>\n\n\n\n<p><strong>Duraci\u00f3n del curso<\/strong>: 12 horas.&nbsp;&nbsp;<\/p>\n\n\n\n<p><strong>TEMARIO<\/strong>&nbsp;<\/p>\n\n\n\n<p><strong>TEMA II<\/strong>&nbsp;<\/p>\n\n\n\n<ul class=\"wp-block-list\"><li>Auditoria bajo el enfoque Planear, Hacer, Verificar y Actuar&nbsp;<\/li><li>Auditoria basado en procesos y riesgos&nbsp;<\/li><\/ul>\n\n\n\n<ul class=\"wp-block-list\"><li>Directrices para la formaci\u00f3n de auditores bajo la norma ISO 19011&nbsp;<\/li><li>Gesti\u00f3n de Auditor\u00edas Internas&nbsp;<\/li><li>Perfil del Auditor Interno&nbsp;<\/li><li>Competencias de Auditores&nbsp;<\/li><li>Examen de habilidades y comportamientos del auditor&nbsp;<\/li><\/ul>\n\n\n\n<p><strong>TEMA III<\/strong>&nbsp;<\/p>\n\n\n\n<ul class=\"wp-block-list\"><li>Planeaci\u00f3n para realizar una auditor\u00eda&nbsp;&nbsp;<\/li><li>Definici\u00f3n del objetivo, alcance y criterios de auditoria&nbsp;<\/li><li>Caso de Estudio: Elaboraci\u00f3n de Plan o Agenda&nbsp;<\/li><li>Desarrollo del proceso de Auditoria Interna&nbsp;<\/li><\/ul>\n\n\n\n<ul class=\"wp-block-list\"><li>Listas de Verificaci\u00f3n para auditoria con esquema ISO 9001:2015&nbsp;<\/li><li>Caso de Estudio (preguntas de auditor)&nbsp;<\/li><\/ul>\n\n\n\n<p><strong>TEMA IV<\/strong>&nbsp;<\/p>\n\n\n\n<ul class=\"wp-block-list\"><li>Auditoria bajo el Modelo de procesos ISO 9001:2015&nbsp;<\/li><\/ul>\n\n\n\n<ul class=\"wp-block-list\"><li>Preparaci\u00f3n del auditor y realizaci\u00f3n de entrevistas&nbsp;<\/li><li>Clasificaci\u00f3n y generaci\u00f3n de Hallazgos (No Conformidades)&nbsp;<\/li><li>Elaboraci\u00f3n de Reporte e Informe de Auditoria&nbsp;<\/li><li>Ejercicios de Casos de Estudios para la elaboraci\u00f3n de un informe&nbsp;<\/li><li>Examen Final&nbsp;&nbsp;<\/li><\/ul>\n\n\n\n<figure class=\"wp-block-image size-full is-resized\"><a href=\"https:\/\/api.whatsapp.com\/send?phone=5218445549006\"><img decoding=\"async\" src=\"https:\/\/cursos.qualos.com.mx\/wp-content\/uploads\/2022\/01\/descarga-4.jpeg\" alt=\"\" class=\"wp-image-242\" width=\"94\" height=\"94\" srcset=\"https:\/\/cursos.qualos.com.mx\/wp-content\/uploads\/2022\/01\/descarga-4.jpeg 224w, https:\/\/cursos.qualos.com.mx\/wp-content\/uploads\/2022\/01\/descarga-4-100x100.jpeg 100w, https:\/\/cursos.qualos.com.mx\/wp-content\/uploads\/2022\/01\/descarga-4-150x150.jpeg 150w\" sizes=\"(max-width: 94px) 100vw, 94px\" \/><\/a><\/figure>\n","protected":false},"excerpt":{"rendered":"<p>OBJETIVO&nbsp; El auditor interno obtendr\u00e1 los conocimientos para planificar y realizar auditor\u00edas al sistema de gesti\u00f3n de la calidad en la norma ISO 9001:2015, asumiendo el rol del auditor interno con base en la norma&nbsp;&nbsp; ISO 19011:2018.&nbsp; ALCANCE&nbsp; Duraci\u00f3n del curso: 12 horas.&nbsp;&nbsp; TEMARIO&nbsp; TEMA II&nbsp; Auditoria bajo el enfoque Planear, Hacer, Verificar y Actuar&nbsp;&hellip;&nbsp;<a href=\"https:\/\/cursos.qualos.com.mx\/index.php\/auditor-interno-iso-90012015\/\" rel=\"bookmark\">Leer m\u00e1s &raquo;<span class=\"screen-reader-text\">Auditor Interno ISO 9001:2015<\/span><\/a><\/p>\n","protected":false},"author":1,"featured_media":0,"parent":0,"menu_order":0,"comment_status":"closed","ping_status":"closed","template":"","meta":{"neve_meta_sidebar":"full-width","neve_meta_container":"","neve_meta_enable_content_width":"on","neve_meta_content_width":100,"neve_meta_title_alignment":"","neve_meta_author_avatar":"","neve_post_elements_order":"","neve_meta_disable_header":"","neve_meta_disable_footer":"","neve_meta_disable_title":"","_joinchat":[],"footnotes":""},"class_list":["post-309","page","type-page","status-publish","hentry"],"jetpack_sharing_enabled":true,"_links":{"self":[{"href":"https:\/\/cursos.qualos.com.mx\/index.php\/wp-json\/wp\/v2\/pages\/309","targetHints":{"allow":["GET"]}}],"collection":[{"href":"https:\/\/cursos.qualos.com.mx\/index.php\/wp-json\/wp\/v2\/pages"}],"about":[{"href":"https:\/\/cursos.qualos.com.mx\/index.php\/wp-json\/wp\/v2\/types\/page"}],"author":[{"embeddable":true,"href":"https:\/\/cursos.qualos.com.mx\/index.php\/wp-json\/wp\/v2\/users\/1"}],"replies":[{"embeddable":true,"href":"https:\/\/cursos.qualos.com.mx\/index.php\/wp-json\/wp\/v2\/comments?post=309"}],"version-history":[{"count":1,"href":"https:\/\/cursos.qualos.com.mx\/index.php\/wp-json\/wp\/v2\/pages\/309\/revisions"}],"predecessor-version":[{"id":310,"href":"https:\/\/cursos.qualos.com.mx\/index.php\/wp-json\/wp\/v2\/pages\/309\/revisions\/310"}],"wp:attachment":[{"href":"https:\/\/cursos.qualos.com.mx\/index.php\/wp-json\/wp\/v2\/media?parent=309"}],"curies":[{"name":"wp","href":"https:\/\/api.w.org\/{rel}","templated":true}]}}