{"id":319,"date":"2022-02-17T19:19:04","date_gmt":"2022-02-17T19:19:04","guid":{"rendered":"https:\/\/cursos.qualos.com.mx\/?page_id=319"},"modified":"2022-02-24T17:15:32","modified_gmt":"2022-02-24T17:15:32","slug":"319-2","status":"publish","type":"page","link":"https:\/\/cursos.qualos.com.mx\/index.php\/319-2\/","title":{"rendered":"Taller Core Tools"},"content":{"rendered":"\n<p><strong>OBJETIVO<\/strong>&nbsp;<\/p>\n\n\n\n<p>El participante obtendr\u00e1 los conocimientos de las herramientas de Core Tools y requerimientos del sector automotriz de la AIAG, su aplicaci\u00f3n y administraci\u00f3n en los procesos y productos de la empresa.&nbsp;<\/p>\n\n\n\n<p><strong>ALCANCE&nbsp;<\/strong>&nbsp;<\/p>\n\n\n\n<p><strong>Duraci\u00f3n del curso<\/strong>: 36 horas.&nbsp;<\/p>\n\n\n\n<p><strong>TEMARIO<\/strong>&nbsp;<\/p>\n\n\n\n<p><strong>SPC (08 horas)<\/strong>&nbsp;<\/p>\n\n\n\n<ul class=\"wp-block-list\"><li>Conceptos B\u00e1sicos de la Calidad&nbsp;&nbsp;&nbsp;<\/li><li>Nacimiento del Control Estad\u00edstico&nbsp;&nbsp;&nbsp;<\/li><li>Recolecci\u00f3n de datos&nbsp;&nbsp;&nbsp;<\/li><li>Poblaci\u00f3n y muestras&nbsp;&nbsp;<\/li><li>Beneficios de las graficas&nbsp;&nbsp;&nbsp;<\/li><\/ul>\n\n\n\n<ul class=\"wp-block-list\"><li>Tipos de graficas&nbsp;&nbsp;&nbsp;<\/li><li>An\u00e1lisis de las graf\u00edcas&nbsp;&nbsp;&nbsp;<\/li><li>Histogramas&nbsp;&nbsp;&nbsp;<\/li><li>Medidas de dispersi\u00f3n&nbsp;&nbsp;&nbsp;<\/li><li>Media, variancia y desviaci\u00f3n est\u00e1ndar de una muestra&nbsp;&nbsp;<\/li><\/ul>\n\n\n\n<ul class=\"wp-block-list\"><li>Gr\u00e1ficas de control por variables&nbsp;&nbsp;&nbsp;<\/li><li>Gr\u00e1ficas de control por atributos&nbsp;&nbsp;&nbsp;<\/li><li>CP y CPk Graficar y analizar el proceso modificado&nbsp;<\/li><li>Ejercicios pr\u00e1cticos&nbsp;&nbsp;&nbsp;<\/li><\/ul>\n\n\n\n<p><strong>MSA (08 horas)<\/strong>&nbsp;<\/p>\n\n\n\n<ul class=\"wp-block-list\"><li>Introducci\u00f3n a los sistemas de medici\u00f3n&nbsp;<\/li><li>Calidad de los datos de medici\u00f3n&nbsp;<\/li><li>Terminolog\u00eda&nbsp;&nbsp;<\/li><li>Patrones y rastreabilidad&nbsp;<\/li><\/ul>\n\n\n\n<ul class=\"wp-block-list\"><li>Proceso de medici\u00f3n&nbsp;<\/li><li>Fuentes de variaci\u00f3n&nbsp;<\/li><li>Planeaci\u00f3n y Estrategia de las mediciones&nbsp;<\/li><li>Desarrollo y selecci\u00f3n de las fuentes de medici\u00f3n&nbsp;<\/li><li>Aspectos claves de las mediciones&nbsp;<\/li><\/ul>\n\n\n\n<ul class=\"wp-block-list\"><li>Incertidumbre en las mediciones&nbsp;<\/li><li>An\u00e1lisis de problemas de las mediciones&nbsp;<\/li><li>Sesgo y Linealidad&nbsp;<\/li><li>Repetibilidad y reproducibilidad (R &amp; R)&nbsp;<\/li><li>Desarrollando el proceso de an\u00e1lisis del sistema de medici\u00f3n&nbsp;<\/li><\/ul>\n\n\n\n<ul class=\"wp-block-list\"><li>Ejercicios pr\u00e1cticos&nbsp;<\/li><\/ul>\n\n\n\n<p><strong>AIAG &amp; VDA FMEA (08 horas)<\/strong>&nbsp;<\/p>\n\n\n\n<ul class=\"wp-block-list\"><li>Introducci\u00f3n&nbsp;<\/li><li>Principales Cambios&nbsp;<\/li><\/ul>\n\n\n\n<ul class=\"wp-block-list\"><li>Beneficios del Nuevo AMEF&nbsp;<\/li><li>Proceso de Transici\u00f3n&nbsp;<\/li><li>Planeaci\u00f3n para el AMEF (APQP &amp; AMEF)&nbsp;<\/li><li>An\u00e1lisis de da Estructura&nbsp;<\/li><li>An\u00e1lisis de la Funci\u00f3n&nbsp;<\/li><\/ul>\n\n\n\n<ul class=\"wp-block-list\"><li>An\u00e1lisis de la Falla&nbsp;<\/li><li>Estructura de los Formatos&nbsp;<\/li><li>An\u00e1lisis del Riesgo&nbsp;<\/li><li>Uso de Tablas y C\u00e1lculos&nbsp;<\/li><li>Action Priority&nbsp;<\/li><\/ul>\n\n\n\n<p><strong>Plan Control (04 horas)<\/strong>&nbsp;<\/p>\n\n\n\n<ul class=\"wp-block-list\"><li>Introducci\u00f3n&nbsp;<\/li><li>Inputs para plan de control&nbsp;<\/li><li>Descripci\u00f3n de campos y columnas&nbsp;<\/li><\/ul>\n\n\n\n<ul class=\"wp-block-list\"><li>M\u00e9todo de control&nbsp;<\/li><li>M\u00e9todo de an\u00e1lisis&nbsp;<\/li><li>Formatos Plan Control&nbsp;<\/li><\/ul>\n\n\n\n<p>Ejemplos pr\u00e1cticos&nbsp;<\/p>\n\n\n\n<p><strong>PPAP (04 horas)<\/strong>&nbsp;<\/p>\n\n\n\n<ul class=\"wp-block-list\"><li>Prop\u00f3sito, aplicaci\u00f3n y enfoque del PPAP.&nbsp;&nbsp;<\/li><li>Generalidades y emisi\u00f3n de un PPAP.&nbsp;&nbsp;<\/li><\/ul>\n\n\n\n<ul class=\"wp-block-list\"><li>Corrida de producci\u00f3n significativa.&nbsp;&nbsp;<\/li><li>Requisitos para el PPAP.&nbsp;&nbsp;<\/li><li>Requisitos de notificaci\u00f3n y emisi\u00f3n a los clientes.&nbsp;&nbsp;<\/li><li>Niveles de emisi\u00f3n a los clientes.&nbsp;&nbsp;<\/li><li>Status de emisi\u00f3n de partes.&nbsp;<\/li><\/ul>\n\n\n\n<p><strong>&nbsp; APQP (04 horas)&nbsp;<\/strong>&nbsp;<\/p>\n\n\n\n<ul class=\"wp-block-list\"><li>Introducci\u00f3n y objetivos del APQP&nbsp;&nbsp;<\/li><li>Administraci\u00f3n de proyectos aplicando fases de APQP<strong>&nbsp;<\/strong>&nbsp;<\/li><li>Planeaci\u00f3n y Definici\u00f3n de un programa&nbsp;&nbsp;<\/li><\/ul>\n\n\n\n<ul class=\"wp-block-list\"><li>Dise\u00f1o y desarrollo del producto&nbsp;&nbsp;<\/li><li>Dise\u00f1o y desarrollo del proceso&nbsp;&nbsp;<\/li><li>Validaci\u00f3n del producto y del proceso&nbsp;&nbsp;<\/li><li>Retroalimentaci\u00f3n, evaluaci\u00f3n y acciones correctivas&nbsp;<\/li><\/ul>\n\n\n\n<figure class=\"wp-block-image size-full is-resized\"><a href=\"https:\/\/api.whatsapp.com\/send?phone=5218445549006\"><img decoding=\"async\" src=\"https:\/\/cursos.qualos.com.mx\/wp-content\/uploads\/2022\/01\/descarga-4.jpeg\" alt=\"\" class=\"wp-image-242\" width=\"94\" height=\"94\" srcset=\"https:\/\/cursos.qualos.com.mx\/wp-content\/uploads\/2022\/01\/descarga-4.jpeg 224w, https:\/\/cursos.qualos.com.mx\/wp-content\/uploads\/2022\/01\/descarga-4-100x100.jpeg 100w, https:\/\/cursos.qualos.com.mx\/wp-content\/uploads\/2022\/01\/descarga-4-150x150.jpeg 150w\" sizes=\"(max-width: 94px) 100vw, 94px\" \/><\/a><\/figure>\n","protected":false},"excerpt":{"rendered":"<p>OBJETIVO&nbsp; El participante obtendr\u00e1 los conocimientos de las herramientas de Core Tools y requerimientos del sector automotriz de la AIAG, su aplicaci\u00f3n y administraci\u00f3n en los procesos y productos de la empresa.&nbsp; ALCANCE&nbsp;&nbsp; Duraci\u00f3n del curso: 36 horas.&nbsp; TEMARIO&nbsp; SPC (08 horas)&nbsp; Conceptos B\u00e1sicos de la Calidad&nbsp;&nbsp;&nbsp; Nacimiento del Control Estad\u00edstico&nbsp;&nbsp;&nbsp; Recolecci\u00f3n de datos&nbsp;&nbsp;&nbsp; Poblaci\u00f3n&hellip;&nbsp;<a href=\"https:\/\/cursos.qualos.com.mx\/index.php\/319-2\/\" rel=\"bookmark\">Leer m\u00e1s &raquo;<span class=\"screen-reader-text\">Taller Core Tools<\/span><\/a><\/p>\n","protected":false},"author":1,"featured_media":0,"parent":0,"menu_order":0,"comment_status":"closed","ping_status":"closed","template":"","meta":{"neve_meta_sidebar":"full-width","neve_meta_container":"","neve_meta_enable_content_width":"on","neve_meta_content_width":100,"neve_meta_title_alignment":"","neve_meta_author_avatar":"","neve_post_elements_order":"","neve_meta_disable_header":"","neve_meta_disable_footer":"","neve_meta_disable_title":"","_joinchat":[],"footnotes":""},"class_list":["post-319","page","type-page","status-publish","hentry"],"jetpack_sharing_enabled":true,"_links":{"self":[{"href":"https:\/\/cursos.qualos.com.mx\/index.php\/wp-json\/wp\/v2\/pages\/319","targetHints":{"allow":["GET"]}}],"collection":[{"href":"https:\/\/cursos.qualos.com.mx\/index.php\/wp-json\/wp\/v2\/pages"}],"about":[{"href":"https:\/\/cursos.qualos.com.mx\/index.php\/wp-json\/wp\/v2\/types\/page"}],"author":[{"embeddable":true,"href":"https:\/\/cursos.qualos.com.mx\/index.php\/wp-json\/wp\/v2\/users\/1"}],"replies":[{"embeddable":true,"href":"https:\/\/cursos.qualos.com.mx\/index.php\/wp-json\/wp\/v2\/comments?post=319"}],"version-history":[{"count":3,"href":"https:\/\/cursos.qualos.com.mx\/index.php\/wp-json\/wp\/v2\/pages\/319\/revisions"}],"predecessor-version":[{"id":327,"href":"https:\/\/cursos.qualos.com.mx\/index.php\/wp-json\/wp\/v2\/pages\/319\/revisions\/327"}],"wp:attachment":[{"href":"https:\/\/cursos.qualos.com.mx\/index.php\/wp-json\/wp\/v2\/media?parent=319"}],"curies":[{"name":"wp","href":"https:\/\/api.w.org\/{rel}","templated":true}]}}