{"id":338,"date":"2022-02-24T17:43:41","date_gmt":"2022-02-24T17:43:41","guid":{"rendered":"https:\/\/cursos.qualos.com.mx\/?page_id=338"},"modified":"2022-02-24T17:43:41","modified_gmt":"2022-02-24T17:43:41","slug":"curso-apqp","status":"publish","type":"page","link":"https:\/\/cursos.qualos.com.mx\/index.php\/curso-apqp\/","title":{"rendered":"Curso APQP"},"content":{"rendered":"\n<p><strong>OBJETIVO APQP<\/strong>&nbsp;<\/p>\n\n\n\n<p>Proporcionar al participante el conocimiento de las t\u00e9cnicas de la Planeaci\u00f3n Avanzada de la Calidad de los Productos de institucionalizaci\u00f3n.\u00a0<\/p>\n\n\n\n<p><strong>ALCANCE&nbsp;<\/strong>&nbsp;<\/p>\n\n\n\n<p><strong>Duraci\u00f3n del curso<\/strong>: 08 horas<\/p>\n\n\n\n<p><strong>TEMARIO <\/strong><\/p>\n\n\n\n<p><strong>APQP<\/strong>&nbsp;<\/p>\n\n\n\n<ul class=\"wp-block-list\"><li>\u00bfQu\u00e9 es APQP?&nbsp;<\/li><li>Formaci\u00f3n y preparaci\u00f3n del equipo multidisciplinario&nbsp;<\/li><li>Rol del l\u00edder APQP&nbsp;<\/li><li>Asignaci\u00f3n de tareas al equipo&nbsp;&nbsp;<\/li><\/ul>\n\n\n\n<ul class=\"wp-block-list\"><li>Ingenier\u00eda conceptual e ingenier\u00eda simultanea&nbsp;<\/li><li>An\u00e1lisis de factibilidad y an\u00e1lisis de riesgo&nbsp;<\/li><li>Etapas del APQP&nbsp;<\/li><li>Planeaci\u00f3n&nbsp;<\/li><li>Dise\u00f1o del Producto&nbsp;<\/li><\/ul>\n\n\n\n<ul class=\"wp-block-list\"><li>Dise\u00f1o del Proceso&nbsp;<\/li><li>Validaci\u00f3n del producto y el proceso&nbsp;<\/li><li>Producci\u00f3n&nbsp;<\/li><li>Evaluaci\u00f3n y Retroalimentaci\u00f3n&nbsp;<\/li><li>Institucionalizaci\u00f3n&nbsp;<\/li><\/ul>\n\n\n\n<ul class=\"wp-block-list\"><li>Calidad Concurrente\u00a0<\/li><li>Auditoria al APQP\u00a0<\/li><\/ul>\n\n\n\n<figure class=\"wp-block-image size-full is-resized\"><a href=\"https:\/\/api.whatsapp.com\/send?phone=5218445549006\"><img decoding=\"async\" src=\"https:\/\/cursos.qualos.com.mx\/wp-content\/uploads\/2022\/01\/descarga-4.jpeg\" alt=\"\" class=\"wp-image-242\" width=\"112\" height=\"113\" srcset=\"https:\/\/cursos.qualos.com.mx\/wp-content\/uploads\/2022\/01\/descarga-4.jpeg 224w, https:\/\/cursos.qualos.com.mx\/wp-content\/uploads\/2022\/01\/descarga-4-100x100.jpeg 100w, https:\/\/cursos.qualos.com.mx\/wp-content\/uploads\/2022\/01\/descarga-4-150x150.jpeg 150w\" sizes=\"(max-width: 112px) 100vw, 112px\" \/><\/a><\/figure>\n\n\n\n<p><\/p>\n","protected":false},"excerpt":{"rendered":"<p>OBJETIVO APQP&nbsp; Proporcionar al participante el conocimiento de las t\u00e9cnicas de la Planeaci\u00f3n Avanzada de la Calidad de los Productos de institucionalizaci\u00f3n.\u00a0 ALCANCE&nbsp;&nbsp; Duraci\u00f3n del curso: 08 horas TEMARIO APQP&nbsp; \u00bfQu\u00e9 es APQP?&nbsp; Formaci\u00f3n y preparaci\u00f3n del equipo multidisciplinario&nbsp; Rol del l\u00edder APQP&nbsp; Asignaci\u00f3n de tareas al equipo&nbsp;&nbsp; Ingenier\u00eda conceptual e ingenier\u00eda simultanea&nbsp; An\u00e1lisis de&hellip;&nbsp;<a href=\"https:\/\/cursos.qualos.com.mx\/index.php\/curso-apqp\/\" rel=\"bookmark\">Leer m\u00e1s &raquo;<span class=\"screen-reader-text\">Curso APQP<\/span><\/a><\/p>\n","protected":false},"author":1,"featured_media":0,"parent":0,"menu_order":0,"comment_status":"closed","ping_status":"closed","template":"","meta":{"neve_meta_sidebar":"full-width","neve_meta_container":"","neve_meta_enable_content_width":"on","neve_meta_content_width":100,"neve_meta_title_alignment":"","neve_meta_author_avatar":"","neve_post_elements_order":"","neve_meta_disable_header":"","neve_meta_disable_footer":"","neve_meta_disable_title":"","_joinchat":[],"footnotes":""},"class_list":["post-338","page","type-page","status-publish","hentry"],"jetpack_sharing_enabled":true,"_links":{"self":[{"href":"https:\/\/cursos.qualos.com.mx\/index.php\/wp-json\/wp\/v2\/pages\/338","targetHints":{"allow":["GET"]}}],"collection":[{"href":"https:\/\/cursos.qualos.com.mx\/index.php\/wp-json\/wp\/v2\/pages"}],"about":[{"href":"https:\/\/cursos.qualos.com.mx\/index.php\/wp-json\/wp\/v2\/types\/page"}],"author":[{"embeddable":true,"href":"https:\/\/cursos.qualos.com.mx\/index.php\/wp-json\/wp\/v2\/users\/1"}],"replies":[{"embeddable":true,"href":"https:\/\/cursos.qualos.com.mx\/index.php\/wp-json\/wp\/v2\/comments?post=338"}],"version-history":[{"count":1,"href":"https:\/\/cursos.qualos.com.mx\/index.php\/wp-json\/wp\/v2\/pages\/338\/revisions"}],"predecessor-version":[{"id":339,"href":"https:\/\/cursos.qualos.com.mx\/index.php\/wp-json\/wp\/v2\/pages\/338\/revisions\/339"}],"wp:attachment":[{"href":"https:\/\/cursos.qualos.com.mx\/index.php\/wp-json\/wp\/v2\/media?parent=338"}],"curies":[{"name":"wp","href":"https:\/\/api.w.org\/{rel}","templated":true}]}}