{"id":353,"date":"2022-02-25T17:50:39","date_gmt":"2022-02-25T17:50:39","guid":{"rendered":"https:\/\/cursos.qualos.com.mx\/?page_id=353"},"modified":"2022-02-25T18:18:41","modified_gmt":"2022-02-25T18:18:41","slug":"bloqueo-etiquetado","status":"publish","type":"page","link":"https:\/\/cursos.qualos.com.mx\/index.php\/bloqueo-etiquetado\/","title":{"rendered":"Bloqueo y Etiquetado"},"content":{"rendered":"\n<p>Objetivo<\/p>\n\n\n\n<p>Establecer Y Dar A Conocer Los Procedimientos Para Asegurar Que Ning\u00fan Trabajo Se Realice Con Riesgo De Descarga De Energ\u00eda. Durante Las Labores De Inspecci\u00f3n Visual, Ajuste, Limpieza O Mantenimiento, Desconectando El Equipo O Circuito, Asegur\u00e1ndolo Mediante Un Candado Y Una Tarjeta De Seguridad.<\/p>\n\n\n\n<p>Temario<\/p>\n\n\n\n<figure class=\"wp-block-image size-full\"><img fetchpriority=\"high\" decoding=\"async\" width=\"651\" height=\"563\" src=\"https:\/\/cursos.qualos.com.mx\/wp-content\/uploads\/2022\/02\/image-1.png\" alt=\"\" class=\"wp-image-355\" srcset=\"https:\/\/cursos.qualos.com.mx\/wp-content\/uploads\/2022\/02\/image-1.png 651w, https:\/\/cursos.qualos.com.mx\/wp-content\/uploads\/2022\/02\/image-1-600x519.png 600w, https:\/\/cursos.qualos.com.mx\/wp-content\/uploads\/2022\/02\/image-1-300x259.png 300w\" sizes=\"(max-width: 651px) 100vw, 651px\" \/><\/figure>\n\n\n\n<figure class=\"wp-block-image size-full\"><a href=\"https:\/\/api.whatsapp.com\/send?phone=5218445549006\"><img decoding=\"async\" width=\"224\" height=\"225\" src=\"https:\/\/cursos.qualos.com.mx\/wp-content\/uploads\/2022\/01\/descarga-4.jpeg\" alt=\"\" class=\"wp-image-242\" srcset=\"https:\/\/cursos.qualos.com.mx\/wp-content\/uploads\/2022\/01\/descarga-4.jpeg 224w, https:\/\/cursos.qualos.com.mx\/wp-content\/uploads\/2022\/01\/descarga-4-100x100.jpeg 100w, https:\/\/cursos.qualos.com.mx\/wp-content\/uploads\/2022\/01\/descarga-4-150x150.jpeg 150w\" sizes=\"(max-width: 224px) 100vw, 224px\" \/><\/a><\/figure>\n","protected":false},"excerpt":{"rendered":"<p>Objetivo Establecer Y Dar A Conocer Los Procedimientos Para Asegurar Que Ning\u00fan Trabajo Se Realice Con Riesgo De Descarga De Energ\u00eda. Durante Las Labores De Inspecci\u00f3n Visual, Ajuste, Limpieza O Mantenimiento, Desconectando El Equipo O Circuito, Asegur\u00e1ndolo Mediante Un Candado Y Una Tarjeta De Seguridad. Temario<\/p>\n","protected":false},"author":1,"featured_media":0,"parent":0,"menu_order":0,"comment_status":"closed","ping_status":"closed","template":"","meta":{"neve_meta_sidebar":"full-width","neve_meta_container":"","neve_meta_enable_content_width":"on","neve_meta_content_width":100,"neve_meta_title_alignment":"","neve_meta_author_avatar":"","neve_post_elements_order":"","neve_meta_disable_header":"","neve_meta_disable_footer":"","neve_meta_disable_title":"","_joinchat":[],"footnotes":""},"class_list":["post-353","page","type-page","status-publish","hentry"],"jetpack_sharing_enabled":true,"_links":{"self":[{"href":"https:\/\/cursos.qualos.com.mx\/index.php\/wp-json\/wp\/v2\/pages\/353","targetHints":{"allow":["GET"]}}],"collection":[{"href":"https:\/\/cursos.qualos.com.mx\/index.php\/wp-json\/wp\/v2\/pages"}],"about":[{"href":"https:\/\/cursos.qualos.com.mx\/index.php\/wp-json\/wp\/v2\/types\/page"}],"author":[{"embeddable":true,"href":"https:\/\/cursos.qualos.com.mx\/index.php\/wp-json\/wp\/v2\/users\/1"}],"replies":[{"embeddable":true,"href":"https:\/\/cursos.qualos.com.mx\/index.php\/wp-json\/wp\/v2\/comments?post=353"}],"version-history":[{"count":2,"href":"https:\/\/cursos.qualos.com.mx\/index.php\/wp-json\/wp\/v2\/pages\/353\/revisions"}],"predecessor-version":[{"id":381,"href":"https:\/\/cursos.qualos.com.mx\/index.php\/wp-json\/wp\/v2\/pages\/353\/revisions\/381"}],"wp:attachment":[{"href":"https:\/\/cursos.qualos.com.mx\/index.php\/wp-json\/wp\/v2\/media?parent=353"}],"curies":[{"name":"wp","href":"https:\/\/api.w.org\/{rel}","templated":true}]}}