{"id":368,"date":"2022-02-25T18:10:40","date_gmt":"2022-02-25T18:10:40","guid":{"rendered":"https:\/\/cursos.qualos.com.mx\/?page_id=368"},"modified":"2022-02-25T18:10:40","modified_gmt":"2022-02-25T18:10:40","slug":"corte-y-soldadura","status":"publish","type":"page","link":"https:\/\/cursos.qualos.com.mx\/index.php\/corte-y-soldadura\/","title":{"rendered":"Corte y Soldadura"},"content":{"rendered":"\n<p><strong>OBJETIVO<\/strong>&nbsp;<\/p>\n\n\n\n<p>Identificar y controlar los riegos relacionados con equipos y herramientas de corte y soldadura.&nbsp;<\/p>\n\n\n\n<p><strong>ALCANCE<\/strong>&nbsp;<\/p>\n\n\n\n<p><strong>Duraci\u00f3n del curso<\/strong>: 08 horas.\u00a0\u00a0<\/p>\n\n\n\n<p><strong>TEMARIO<\/strong>&nbsp;<\/p>\n\n\n\n<ul class=\"wp-block-list\"><li>Macro evaluaci\u00f3n inicial.&nbsp;<\/li><\/ul>\n\n\n\n<ul class=\"wp-block-list\"><li>Marco legal normativo&nbsp;<\/li><li>Objetivos&nbsp;<\/li><li>Introducci\u00f3n&nbsp;<\/li><li>Definici\u00f3n&nbsp;<\/li><li>Tipos de soldadura&nbsp;<\/li><\/ul>\n\n\n\n<ul class=\"wp-block-list\"><li>Tipos de corte&nbsp;<\/li><li>Partes b\u00e1sicas de equipos para soldar&nbsp;<\/li><li>Partes b\u00e1sicas de equipo de corte&nbsp;<\/li><li>B\u00e1sicos para soldar&nbsp;<\/li><li>Seguridad al soldar&nbsp;<\/li><\/ul>\n\n\n\n<ul class=\"wp-block-list\"><li>EPP a considerar&nbsp;<\/li><li>Uso y cuidado de equipo&nbsp;<\/li><li>Macro evaluaci\u00f3n final&nbsp;<\/li><\/ul>\n\n\n\n<figure class=\"wp-block-image size-full is-resized\"><a href=\"https:\/\/api.whatsapp.com\/send?phone=5218445549006\"><img decoding=\"async\" src=\"https:\/\/cursos.qualos.com.mx\/wp-content\/uploads\/2022\/01\/descarga-4.jpeg\" alt=\"\" class=\"wp-image-242\" width=\"108\" height=\"108\" srcset=\"https:\/\/cursos.qualos.com.mx\/wp-content\/uploads\/2022\/01\/descarga-4.jpeg 224w, https:\/\/cursos.qualos.com.mx\/wp-content\/uploads\/2022\/01\/descarga-4-100x100.jpeg 100w, https:\/\/cursos.qualos.com.mx\/wp-content\/uploads\/2022\/01\/descarga-4-150x150.jpeg 150w\" sizes=\"(max-width: 108px) 100vw, 108px\" \/><\/a><\/figure>\n\n\n\n<p><\/p>\n","protected":false},"excerpt":{"rendered":"<p>OBJETIVO&nbsp; Identificar y controlar los riegos relacionados con equipos y herramientas de corte y soldadura.&nbsp; ALCANCE&nbsp; Duraci\u00f3n del curso: 08 horas.\u00a0\u00a0 TEMARIO&nbsp; Macro evaluaci\u00f3n inicial.&nbsp; Marco legal normativo&nbsp; Objetivos&nbsp; Introducci\u00f3n&nbsp; Definici\u00f3n&nbsp; Tipos de soldadura&nbsp; Tipos de corte&nbsp; Partes b\u00e1sicas de equipos para soldar&nbsp; Partes b\u00e1sicas de equipo de corte&nbsp; B\u00e1sicos para soldar&nbsp; Seguridad al soldar&nbsp;&hellip;&nbsp;<a href=\"https:\/\/cursos.qualos.com.mx\/index.php\/corte-y-soldadura\/\" rel=\"bookmark\">Leer m\u00e1s &raquo;<span class=\"screen-reader-text\">Corte y Soldadura<\/span><\/a><\/p>\n","protected":false},"author":1,"featured_media":0,"parent":0,"menu_order":0,"comment_status":"closed","ping_status":"closed","template":"","meta":{"neve_meta_sidebar":"full-width","neve_meta_container":"","neve_meta_enable_content_width":"on","neve_meta_content_width":100,"neve_meta_title_alignment":"","neve_meta_author_avatar":"","neve_post_elements_order":"","neve_meta_disable_header":"","neve_meta_disable_footer":"","neve_meta_disable_title":"","_joinchat":[],"footnotes":""},"class_list":["post-368","page","type-page","status-publish","hentry"],"jetpack_sharing_enabled":true,"_links":{"self":[{"href":"https:\/\/cursos.qualos.com.mx\/index.php\/wp-json\/wp\/v2\/pages\/368","targetHints":{"allow":["GET"]}}],"collection":[{"href":"https:\/\/cursos.qualos.com.mx\/index.php\/wp-json\/wp\/v2\/pages"}],"about":[{"href":"https:\/\/cursos.qualos.com.mx\/index.php\/wp-json\/wp\/v2\/types\/page"}],"author":[{"embeddable":true,"href":"https:\/\/cursos.qualos.com.mx\/index.php\/wp-json\/wp\/v2\/users\/1"}],"replies":[{"embeddable":true,"href":"https:\/\/cursos.qualos.com.mx\/index.php\/wp-json\/wp\/v2\/comments?post=368"}],"version-history":[{"count":1,"href":"https:\/\/cursos.qualos.com.mx\/index.php\/wp-json\/wp\/v2\/pages\/368\/revisions"}],"predecessor-version":[{"id":369,"href":"https:\/\/cursos.qualos.com.mx\/index.php\/wp-json\/wp\/v2\/pages\/368\/revisions\/369"}],"wp:attachment":[{"href":"https:\/\/cursos.qualos.com.mx\/index.php\/wp-json\/wp\/v2\/media?parent=368"}],"curies":[{"name":"wp","href":"https:\/\/api.w.org\/{rel}","templated":true}]}}