{"id":373,"date":"2022-02-25T18:13:59","date_gmt":"2022-02-25T18:13:59","guid":{"rendered":"https:\/\/cursos.qualos.com.mx\/?page_id=373"},"modified":"2022-02-25T18:14:00","modified_gmt":"2022-02-25T18:14:00","slug":"loto","status":"publish","type":"page","link":"https:\/\/cursos.qualos.com.mx\/index.php\/loto\/","title":{"rendered":"LOTO"},"content":{"rendered":"\n<p><strong>Objetivos del Curso<\/strong>&nbsp;<\/p>\n\n\n\n<p>Establecer y dar a conocer los procedimientos para asegurar que ning\u00fan trabajo se realice con riesgo de descarga de energ\u00eda. Durante las labores de inspecci\u00f3n visual, ajuste, limpieza o mantenimiento, desconectando el equipo o circuito asegur\u00e1ndolo mediante un candado y una tarjeta de seguridad.&nbsp;&nbsp;<\/p>\n\n\n\n<p><strong>Alcance<\/strong>&nbsp;<\/p>\n\n\n\n<p><strong>Duraci\u00f3n del curso: <\/strong>08 horas.\u00a0\u00a0<\/p>\n\n\n\n<p><strong>TEMARIO<\/strong>&nbsp;<\/p>\n\n\n\n<ul class=\"wp-block-list\"><li>Introducci\u00f3n&nbsp;&nbsp;<\/li><\/ul>\n\n\n\n<ul class=\"wp-block-list\"><li>Requerimiento legal y\/o corporativo&nbsp;&nbsp;<\/li><li>Procedimiento b\u00e1sico de bloqueo y control de energ\u00eda&nbsp;&nbsp;<\/li><li>\u00bfQu\u00e9 sucede cuando no se cumple un procedimiento de bloqueo y control de energ\u00eda?&nbsp;<\/li><li>Los errores que provocan accidentes&nbsp;&nbsp;<\/li><li>Visi\u00f3n general de bloqueo y control de energ\u00eda (conceptos b\u00e1sicos, definiciones)&nbsp;<\/li><\/ul>\n\n\n\n<ul class=\"wp-block-list\"><li>Identificaci\u00f3n de problemas en maquinaria&nbsp;&nbsp;<\/li><li>Persona involucrada en un procedimiento de bloqueo&nbsp;&nbsp;<\/li><li>Conciencia del riesgo&nbsp;&nbsp;<\/li><li>Procedimiento de operaci\u00f3n est\u00e1ndar&nbsp;&nbsp;<\/li><li>Diagrama de flujo para un proceso de bloqueo y etiquetado&nbsp;<\/li><\/ul>\n\n\n\n<ul class=\"wp-block-list\"><li>Procedimiento de operaci\u00f3n especifico&nbsp;&nbsp;<\/li><li>Video (an\u00e1lisis de hechos reales)&nbsp;<\/li><li>Dispositivos de bloqueo y su identificaci\u00f3n&nbsp;&nbsp;<\/li><li>Reglas espec\u00edficas&nbsp;&nbsp;<\/li><\/ul>\n\n\n\n<figure class=\"wp-block-image size-full is-resized\"><a href=\"https:\/\/api.whatsapp.com\/send?phone=5218445549006\"><img decoding=\"async\" src=\"https:\/\/cursos.qualos.com.mx\/wp-content\/uploads\/2022\/01\/descarga-4.jpeg\" alt=\"\" class=\"wp-image-242\" width=\"110\" height=\"110\" srcset=\"https:\/\/cursos.qualos.com.mx\/wp-content\/uploads\/2022\/01\/descarga-4.jpeg 224w, https:\/\/cursos.qualos.com.mx\/wp-content\/uploads\/2022\/01\/descarga-4-100x100.jpeg 100w, https:\/\/cursos.qualos.com.mx\/wp-content\/uploads\/2022\/01\/descarga-4-150x150.jpeg 150w\" sizes=\"(max-width: 110px) 100vw, 110px\" \/><\/a><\/figure>\n","protected":false},"excerpt":{"rendered":"<p>Objetivos del Curso&nbsp; Establecer y dar a conocer los procedimientos para asegurar que ning\u00fan trabajo se realice con riesgo de descarga de energ\u00eda. Durante las labores de inspecci\u00f3n visual, ajuste, limpieza o mantenimiento, desconectando el equipo o circuito asegur\u00e1ndolo mediante un candado y una tarjeta de seguridad.&nbsp;&nbsp; Alcance&nbsp; Duraci\u00f3n del curso: 08 horas.\u00a0\u00a0 TEMARIO&nbsp; Introducci\u00f3n&nbsp;&nbsp;&hellip;&nbsp;<a href=\"https:\/\/cursos.qualos.com.mx\/index.php\/loto\/\" rel=\"bookmark\">Leer m\u00e1s &raquo;<span class=\"screen-reader-text\">LOTO<\/span><\/a><\/p>\n","protected":false},"author":1,"featured_media":0,"parent":0,"menu_order":0,"comment_status":"closed","ping_status":"closed","template":"","meta":{"neve_meta_sidebar":"full-width","neve_meta_container":"","neve_meta_enable_content_width":"on","neve_meta_content_width":100,"neve_meta_title_alignment":"","neve_meta_author_avatar":"","neve_post_elements_order":"","neve_meta_disable_header":"","neve_meta_disable_footer":"","neve_meta_disable_title":"","_joinchat":[],"footnotes":""},"class_list":["post-373","page","type-page","status-publish","hentry"],"jetpack_sharing_enabled":true,"_links":{"self":[{"href":"https:\/\/cursos.qualos.com.mx\/index.php\/wp-json\/wp\/v2\/pages\/373","targetHints":{"allow":["GET"]}}],"collection":[{"href":"https:\/\/cursos.qualos.com.mx\/index.php\/wp-json\/wp\/v2\/pages"}],"about":[{"href":"https:\/\/cursos.qualos.com.mx\/index.php\/wp-json\/wp\/v2\/types\/page"}],"author":[{"embeddable":true,"href":"https:\/\/cursos.qualos.com.mx\/index.php\/wp-json\/wp\/v2\/users\/1"}],"replies":[{"embeddable":true,"href":"https:\/\/cursos.qualos.com.mx\/index.php\/wp-json\/wp\/v2\/comments?post=373"}],"version-history":[{"count":1,"href":"https:\/\/cursos.qualos.com.mx\/index.php\/wp-json\/wp\/v2\/pages\/373\/revisions"}],"predecessor-version":[{"id":374,"href":"https:\/\/cursos.qualos.com.mx\/index.php\/wp-json\/wp\/v2\/pages\/373\/revisions\/374"}],"wp:attachment":[{"href":"https:\/\/cursos.qualos.com.mx\/index.php\/wp-json\/wp\/v2\/media?parent=373"}],"curies":[{"name":"wp","href":"https:\/\/api.w.org\/{rel}","templated":true}]}}