{"id":377,"date":"2022-02-25T18:16:40","date_gmt":"2022-02-25T18:16:40","guid":{"rendered":"https:\/\/cursos.qualos.com.mx\/?page_id=377"},"modified":"2022-02-25T18:16:41","modified_gmt":"2022-02-25T18:16:41","slug":"trabajo-en-alturas","status":"publish","type":"page","link":"https:\/\/cursos.qualos.com.mx\/index.php\/trabajo-en-alturas\/","title":{"rendered":"Trabajo En Alturas"},"content":{"rendered":"\n<p><strong>OBJETIVO<\/strong>&nbsp;<\/p>\n\n\n\n<p>Aprender de los diferentes sistemas de protecci\u00f3n contra ca\u00eddas.&nbsp;<\/p>\n\n\n\n<p>Las ca\u00eddas de las alturas causan lesiones serias o la muerte.&nbsp;<\/p>\n\n\n\n<p>Localizar y eliminar todo tipos de riesgos, actos y condiciones inseguras en las \u00e1reas de trabajo.&nbsp;<\/p>\n\n\n\n<p><strong>ALCANCE<\/strong>&nbsp;<\/p>\n\n\n\n<p><strong>Duraci\u00f3n del curso<\/strong>: 08 horas en total.\u00a0<\/p>\n\n\n\n<p><strong>TEMARIO<\/strong>&nbsp;<\/p>\n\n\n\n<ol class=\"wp-block-list\"><li>Objetivo&nbsp;<\/li><\/ol>\n\n\n\n<ol class=\"wp-block-list\" start=\"2\"><li>Pre- evaluaci\u00f3n&nbsp;<\/li><\/ol>\n\n\n\n<ol class=\"wp-block-list\" start=\"3\"><li>Fundamentos&nbsp;<\/li><\/ol>\n\n\n\n<ol class=\"wp-block-list\" start=\"4\"><li>Obligaciones del patr\u00f3n&nbsp;<\/li><\/ol>\n\n\n\n<ol class=\"wp-block-list\" start=\"5\"><li>Obligaciones del trabajador&nbsp;<\/li><\/ol>\n\n\n\n<ol class=\"wp-block-list\" start=\"6\"><li>Significado de trabajos en altura&nbsp;<\/li><\/ol>\n\n\n\n<ol class=\"wp-block-list\" start=\"7\"><li>Andamios&nbsp;<\/li><\/ol>\n\n\n\n<ol class=\"wp-block-list\" start=\"8\"><li>Escaleras, escaleras fijas, plataformas, barandillas y redes&nbsp;<\/li><\/ol>\n\n\n\n<ol class=\"wp-block-list\" start=\"9\"><li>Plataformas, elevadores auto pulsadas y sobre m\u00e1stil fijo&nbsp;<\/li><\/ol>\n\n\n\n<ol class=\"wp-block-list\" start=\"10\"><li>E.P.P para alturas&nbsp;<\/li><\/ol>\n\n\n\n<ol class=\"wp-block-list\" start=\"11\"><li>T\u00e9cnicas de trabajos verticales&nbsp;<\/li><\/ol>\n\n\n\n<ol class=\"wp-block-list\" start=\"12\"><li>T\u00e9cnicas de trabajos Horizontales&nbsp;<\/li><\/ol>\n\n\n\n<ol class=\"wp-block-list\" start=\"13\"><li>Protecci\u00f3n colectiva versus individual&nbsp;<\/li><\/ol>\n\n\n\n<ol class=\"wp-block-list\" start=\"14\"><li>Post evaluaci\u00f3n&nbsp;<\/li><\/ol>\n\n\n\n<figure class=\"wp-block-image size-full\"><a href=\"https:\/\/api.whatsapp.com\/send?phone=5218445549006\"><img decoding=\"async\" width=\"102\" height=\"102\" src=\"https:\/\/cursos.qualos.com.mx\/wp-content\/uploads\/2021\/03\/watssap.png\" alt=\"\" class=\"wp-image-72\" srcset=\"https:\/\/cursos.qualos.com.mx\/wp-content\/uploads\/2021\/03\/watssap.png 102w, https:\/\/cursos.qualos.com.mx\/wp-content\/uploads\/2021\/03\/watssap-100x100.png 100w\" sizes=\"(max-width: 102px) 100vw, 102px\" \/><\/a><\/figure>\n\n\n\n<p><\/p>\n","protected":false},"excerpt":{"rendered":"<p>OBJETIVO&nbsp; Aprender de los diferentes sistemas de protecci\u00f3n contra ca\u00eddas.&nbsp; Las ca\u00eddas de las alturas causan lesiones serias o la muerte.&nbsp; Localizar y eliminar todo tipos de riesgos, actos y condiciones inseguras en las \u00e1reas de trabajo.&nbsp; ALCANCE&nbsp; Duraci\u00f3n del curso: 08 horas en total.\u00a0 TEMARIO&nbsp; Objetivo&nbsp; Pre- evaluaci\u00f3n&nbsp; Fundamentos&nbsp; Obligaciones del patr\u00f3n&nbsp; Obligaciones del&hellip;&nbsp;<a href=\"https:\/\/cursos.qualos.com.mx\/index.php\/trabajo-en-alturas\/\" rel=\"bookmark\">Leer m\u00e1s &raquo;<span class=\"screen-reader-text\">Trabajo En Alturas<\/span><\/a><\/p>\n","protected":false},"author":1,"featured_media":0,"parent":0,"menu_order":0,"comment_status":"closed","ping_status":"closed","template":"","meta":{"neve_meta_sidebar":"full-width","neve_meta_container":"","neve_meta_enable_content_width":"on","neve_meta_content_width":100,"neve_meta_title_alignment":"","neve_meta_author_avatar":"","neve_post_elements_order":"","neve_meta_disable_header":"","neve_meta_disable_footer":"","neve_meta_disable_title":"","_joinchat":[],"footnotes":""},"class_list":["post-377","page","type-page","status-publish","hentry"],"jetpack_sharing_enabled":true,"_links":{"self":[{"href":"https:\/\/cursos.qualos.com.mx\/index.php\/wp-json\/wp\/v2\/pages\/377","targetHints":{"allow":["GET"]}}],"collection":[{"href":"https:\/\/cursos.qualos.com.mx\/index.php\/wp-json\/wp\/v2\/pages"}],"about":[{"href":"https:\/\/cursos.qualos.com.mx\/index.php\/wp-json\/wp\/v2\/types\/page"}],"author":[{"embeddable":true,"href":"https:\/\/cursos.qualos.com.mx\/index.php\/wp-json\/wp\/v2\/users\/1"}],"replies":[{"embeddable":true,"href":"https:\/\/cursos.qualos.com.mx\/index.php\/wp-json\/wp\/v2\/comments?post=377"}],"version-history":[{"count":1,"href":"https:\/\/cursos.qualos.com.mx\/index.php\/wp-json\/wp\/v2\/pages\/377\/revisions"}],"predecessor-version":[{"id":378,"href":"https:\/\/cursos.qualos.com.mx\/index.php\/wp-json\/wp\/v2\/pages\/377\/revisions\/378"}],"wp:attachment":[{"href":"https:\/\/cursos.qualos.com.mx\/index.php\/wp-json\/wp\/v2\/media?parent=377"}],"curies":[{"name":"wp","href":"https:\/\/api.w.org\/{rel}","templated":true}]}}