{"id":384,"date":"2022-02-25T18:24:08","date_gmt":"2022-02-25T18:24:08","guid":{"rendered":"https:\/\/cursos.qualos.com.mx\/?page_id=384"},"modified":"2022-02-25T18:24:08","modified_gmt":"2022-02-25T18:24:08","slug":"manejo-seguro-de-extintores","status":"publish","type":"page","link":"https:\/\/cursos.qualos.com.mx\/index.php\/manejo-seguro-de-extintores\/","title":{"rendered":"Manejo Seguro De Extintores\u00a0"},"content":{"rendered":"\n<p><strong>OBJETIVO<\/strong>&nbsp;<\/p>\n\n\n\n<p>Proporcionar las reglas b\u00e1sicas para el uso seguro y cuidado de los extintores considerando las caracter\u00edsticas del fuego a controlar.&nbsp;<\/p>\n\n\n\n<p><strong>ALCANCE<\/strong>&nbsp;<\/p>\n\n\n\n<p><strong>Duraci\u00f3n del curso<\/strong>: 08 horas en total.\u00a0<\/p>\n\n\n\n<figure class=\"wp-block-table\"><table><tbody><tr><td><strong>TEMA<\/strong>&nbsp;<\/td><td><strong>&nbsp;&nbsp;&nbsp;&nbsp;&nbsp;&nbsp;&nbsp;&nbsp;&nbsp;&nbsp;&nbsp;&nbsp;&nbsp;&nbsp;&nbsp;&nbsp;&nbsp;&nbsp;&nbsp;&nbsp;&nbsp;&nbsp;&nbsp;&nbsp;&nbsp;&nbsp;&nbsp;&nbsp;&nbsp;&nbsp;&nbsp;&nbsp;&nbsp;&nbsp;&nbsp;&nbsp;&nbsp;&nbsp;&nbsp;&nbsp; SUB-TEMAS<\/strong>&nbsp;<\/td><\/tr><tr><td><strong><em>Antecedentes de control de incendios<\/em><\/strong>&nbsp;<\/td><td>El humano y el fuego&nbsp;La agresividad del fuego&nbsp;Legislaci\u00f3n para control de incendios&nbsp;<\/td><\/tr><tr><td><strong><em>El Fuego<\/em><\/strong>&nbsp;<\/td><td>Elementos del Fuego&nbsp;Tri\u00e1ngulo del fuego&nbsp;<\/td><\/tr><tr><td><strong><em>Clasificaci\u00f3n de incendios<\/em><\/strong>&nbsp;<\/td><td>Por sus dimensiones&nbsp;Por materiales en ignici\u00f3n&nbsp;<\/td><\/tr><tr><td><strong><em>M\u00e9todos de extinci\u00f3n<\/em><\/strong>&nbsp;<\/td><td>Controlando la temperatura, la atm\u00f3sfera y el material en ignici\u00f3n.&nbsp;<\/td><\/tr><tr><td><strong><em>Agentes extintores<\/em><\/strong>&nbsp;<\/td><td>Clasificaci\u00f3n de los agentes extintores por su acci\u00f3n.&nbsp;Tipos de agentes extintores.&nbsp;<\/td><\/tr><tr><td><strong><em>Sistemas contra incendios<\/em><\/strong>&nbsp;<\/td><td>Sistemas fijos.&nbsp;Sistemas m\u00f3viles.&nbsp;<\/td><\/tr><tr><td><strong><em>Extintores<\/em><\/strong>&nbsp;<\/td><td>Caracter\u00edsticas de construcci\u00f3n.&nbsp;Identificaci\u00f3n.&nbsp;Reconocimiento por componentes.&nbsp;Reconocimiento por Color.&nbsp;Capacidades.&nbsp;<\/td><\/tr><tr><td><strong><em>Uso de Extintores<\/em><\/strong>&nbsp;<\/td><td>Criterios de Uso.&nbsp;<\/td><\/tr><tr><td><strong><em><\/em><\/strong>&nbsp;<\/td><td>M\u00e9todo de atenci\u00f3n a incendios con extintores.&nbsp;<\/td><\/tr><tr><td><strong><em><\/em><\/strong>&nbsp;<\/td><td>El uso del extintor.&nbsp;<\/td><\/tr><tr><td><strong><em><\/em><\/strong>&nbsp;<\/td><td>Conservaci\u00f3n y Recarga.&nbsp;<\/td><\/tr><tr><td><strong><em>Pr\u00e1ctica<\/em><\/strong>&nbsp;<\/td><td>Disparo de extintores, Con o sin Fuego.&nbsp;<\/td><\/tr><tr><td><strong><em>Evaluaciones<\/em><\/strong>&nbsp;<\/td><td>Examen te\u00f3rico y del evento&nbsp;<\/td><\/tr><\/tbody><\/table><\/figure>\n\n\n\n<figure class=\"wp-block-image size-full\"><a href=\"https:\/\/api.whatsapp.com\/send?phone=5218445549006\"><img decoding=\"async\" width=\"102\" height=\"102\" src=\"https:\/\/cursos.qualos.com.mx\/wp-content\/uploads\/2021\/03\/watssap.png\" alt=\"\" class=\"wp-image-72\" srcset=\"https:\/\/cursos.qualos.com.mx\/wp-content\/uploads\/2021\/03\/watssap.png 102w, https:\/\/cursos.qualos.com.mx\/wp-content\/uploads\/2021\/03\/watssap-100x100.png 100w\" sizes=\"(max-width: 102px) 100vw, 102px\" \/><\/a><\/figure>\n","protected":false},"excerpt":{"rendered":"<p>OBJETIVO&nbsp; Proporcionar las reglas b\u00e1sicas para el uso seguro y cuidado de los extintores considerando las caracter\u00edsticas del fuego a controlar.&nbsp; ALCANCE&nbsp; Duraci\u00f3n del curso: 08 horas en total.\u00a0 TEMA&nbsp; &nbsp;&nbsp;&nbsp;&nbsp;&nbsp;&nbsp;&nbsp;&nbsp;&nbsp;&nbsp;&nbsp;&nbsp;&nbsp;&nbsp;&nbsp;&nbsp;&nbsp;&nbsp;&nbsp;&nbsp;&nbsp;&nbsp;&nbsp;&nbsp;&nbsp;&nbsp;&nbsp;&nbsp;&nbsp;&nbsp;&nbsp;&nbsp;&nbsp;&nbsp;&nbsp;&nbsp;&nbsp;&nbsp;&nbsp;&nbsp; SUB-TEMAS&nbsp; Antecedentes de control de incendios&nbsp; El humano y el fuego&nbsp;La agresividad del fuego&nbsp;Legislaci\u00f3n para control de incendios&nbsp; El Fuego&nbsp; Elementos del Fuego&nbsp;Tri\u00e1ngulo del&hellip;&nbsp;<a href=\"https:\/\/cursos.qualos.com.mx\/index.php\/manejo-seguro-de-extintores\/\" rel=\"bookmark\">Leer m\u00e1s &raquo;<span class=\"screen-reader-text\">Manejo Seguro De Extintores\u00a0<\/span><\/a><\/p>\n","protected":false},"author":1,"featured_media":0,"parent":0,"menu_order":0,"comment_status":"closed","ping_status":"closed","template":"","meta":{"neve_meta_sidebar":"full-width","neve_meta_container":"","neve_meta_enable_content_width":"on","neve_meta_content_width":100,"neve_meta_title_alignment":"","neve_meta_author_avatar":"","neve_post_elements_order":"","neve_meta_disable_header":"","neve_meta_disable_footer":"","neve_meta_disable_title":"","_joinchat":[],"footnotes":""},"class_list":["post-384","page","type-page","status-publish","hentry"],"jetpack_sharing_enabled":true,"_links":{"self":[{"href":"https:\/\/cursos.qualos.com.mx\/index.php\/wp-json\/wp\/v2\/pages\/384","targetHints":{"allow":["GET"]}}],"collection":[{"href":"https:\/\/cursos.qualos.com.mx\/index.php\/wp-json\/wp\/v2\/pages"}],"about":[{"href":"https:\/\/cursos.qualos.com.mx\/index.php\/wp-json\/wp\/v2\/types\/page"}],"author":[{"embeddable":true,"href":"https:\/\/cursos.qualos.com.mx\/index.php\/wp-json\/wp\/v2\/users\/1"}],"replies":[{"embeddable":true,"href":"https:\/\/cursos.qualos.com.mx\/index.php\/wp-json\/wp\/v2\/comments?post=384"}],"version-history":[{"count":1,"href":"https:\/\/cursos.qualos.com.mx\/index.php\/wp-json\/wp\/v2\/pages\/384\/revisions"}],"predecessor-version":[{"id":385,"href":"https:\/\/cursos.qualos.com.mx\/index.php\/wp-json\/wp\/v2\/pages\/384\/revisions\/385"}],"wp:attachment":[{"href":"https:\/\/cursos.qualos.com.mx\/index.php\/wp-json\/wp\/v2\/media?parent=384"}],"curies":[{"name":"wp","href":"https:\/\/api.w.org\/{rel}","templated":true}]}}