{"id":393,"date":"2022-03-02T18:25:22","date_gmt":"2022-03-02T18:25:22","guid":{"rendered":"https:\/\/cursos.qualos.com.mx\/?page_id=393"},"modified":"2022-03-02T18:28:49","modified_gmt":"2022-03-02T18:28:49","slug":"formacion-de-instructores","status":"publish","type":"page","link":"https:\/\/cursos.qualos.com.mx\/index.php\/formacion-de-instructores\/","title":{"rendered":"Formaci\u00f3n de Instructores"},"content":{"rendered":"\n<p><strong>OBJETIVO<\/strong><\/p>\n\n\n\n<p>El participante desarrollara habilidades para desarrollar e impartir capacitaci\u00f3n permitiendo mejorar el conocimiento de las personas mediante la andragog\u00eda y m\u00e9todos de ense\u00f1anza- aprendizaje basado el est\u00e1ndar de competencias ECO217, para impartir de manera eficaz el conocimiento, las habilidades y aptitudes del capital humano.<\/p>\n\n\n\n<p><strong>ALCANCE<\/strong><\/p>\n\n\n\n<p><strong>Duraci\u00f3n del curso<\/strong>: 16 horas (distribuidas en horas 20% te\u00f3ricas y 80% pr\u00e1cticas)<\/p>\n\n\n\n<p><strong>TEMARIO<\/strong>&nbsp;<\/p>\n\n\n\n<p><strong><em>M\u00f3dulo I. Elementos B\u00e1sicos de la Andragog\u00eda y Conceptos&nbsp;<\/em><\/strong>&nbsp;<\/p>\n\n\n\n<ul class=\"wp-block-list\"><li>Introducci\u00f3n de formaci\u00f3n para adultos (Andragog\u00eda)&nbsp;<\/li><li>T\u00e9rminos y definiciones utilizados en el proceso de ense\u00f1anza-aprendizaje&nbsp;<\/li><li>Elementos b\u00e1sicos del proceso ense\u00f1anza-aprendizaje&nbsp;<\/li><\/ul>\n\n\n\n<p><strong><em>M\u00f3dulo II Planeaci\u00f3n y Desarrollo de un Curso<\/em><\/strong>&nbsp;<\/p>\n\n\n\n<ul class=\"wp-block-list\"><li>Planificar la capacitaci\u00f3n (carta descriptiva)&nbsp;<\/li><li>T\u00e9cnicas de instrucci\u00f3n&nbsp;<\/li><li>Preparaci\u00f3n del contenido y desarrollo del tema&nbsp;<\/li><li>Manejo del tiempo y dise\u00f1o de presentaciones efectivas&nbsp;<\/li><\/ul>\n\n\n\n<p><strong><em>M\u00f3dulo III Desarrollo de Habilidades del Instructor\/Entrenador<\/em><\/strong>&nbsp;<\/p>\n\n\n\n<ul class=\"wp-block-list\"><li>Habilidades del Instructor&nbsp;<\/li><li>Directrices para hablar en publico&nbsp;&nbsp;<\/li><li>Escucha activa y Motivador&nbsp;<\/li><\/ul>\n\n\n\n<ul class=\"wp-block-list\"><li>Perfil del participante (roles de los participandos)&nbsp;<\/li><li>Lenguaje corporal&nbsp;<\/li><li>Dominios del aprendizaje (cognitivo, psicomotriz y afectivo)&nbsp;&nbsp;<\/li><\/ul>\n\n\n\n<p><strong><em>M\u00f3dulo IV Desarrollo e Impartici\u00f3n de la Capacitaci\u00f3n<\/em><\/strong>&nbsp;<\/p>\n\n\n\n<ul class=\"wp-block-list\"><li>Proceso de Ense\u00f1anza- Aprendizaje&nbsp;<\/li><li>La importancia del encuadre y la integraci\u00f3n&nbsp;<\/li><li>T\u00e9cnicas Instruccionales (expositiva, demostrativa y di\u00e1logos de discusi\u00f3n)&nbsp;<\/li><li>Actividades interactivas, creativas y din\u00e1micas&nbsp;<\/li><li>Materiales, equipo y apoyos did\u00e1cticos&nbsp;<\/li><\/ul>\n\n\n\n<ul class=\"wp-block-list\"><li>Escenario practico considerando todas sus fases&nbsp;<\/li><\/ul>\n\n\n\n<p><strong><em>M\u00f3dulo V T\u00e9cnicas de Evaluaci\u00f3n y Cierre<\/em><\/strong>&nbsp;<\/p>\n\n\n\n<ul class=\"wp-block-list\"><li>Tipos de evaluaci\u00f3n por fases&nbsp;<\/li><li>Evaluaci\u00f3n de la efectividad de la capacitaci\u00f3n&nbsp;<\/li><\/ul>\n\n\n\n<ul class=\"wp-block-list\"><li>Retroalimentaci\u00f3n para la Mejora&nbsp;<\/li><li>Evaluaci\u00f3n Final mediante una pr\u00e1ctica real en aula&nbsp;&nbsp;<\/li><li>Examen de evaluaci\u00f3n de reactivos b\u00e1sicos&nbsp;<\/li><\/ul>\n\n\n\n<figure class=\"wp-block-image size-full\"><a href=\"https:\/\/api.whatsapp.com\/send?phone=5218445549006\"><img decoding=\"async\" width=\"102\" height=\"102\" src=\"https:\/\/cursos.qualos.com.mx\/wp-content\/uploads\/2021\/03\/watssap.png\" alt=\"\" class=\"wp-image-72\" srcset=\"https:\/\/cursos.qualos.com.mx\/wp-content\/uploads\/2021\/03\/watssap.png 102w, https:\/\/cursos.qualos.com.mx\/wp-content\/uploads\/2021\/03\/watssap-100x100.png 100w\" sizes=\"(max-width: 102px) 100vw, 102px\" \/><\/a><\/figure>\n","protected":false},"excerpt":{"rendered":"<p>OBJETIVO El participante desarrollara habilidades para desarrollar e impartir capacitaci\u00f3n permitiendo mejorar el conocimiento de las personas mediante la andragog\u00eda y m\u00e9todos de ense\u00f1anza- aprendizaje basado el est\u00e1ndar de competencias ECO217, para impartir de manera eficaz el conocimiento, las habilidades y aptitudes del capital humano. ALCANCE Duraci\u00f3n del curso: 16 horas (distribuidas en horas 20%&hellip;&nbsp;<a href=\"https:\/\/cursos.qualos.com.mx\/index.php\/formacion-de-instructores\/\" rel=\"bookmark\">Leer m\u00e1s &raquo;<span class=\"screen-reader-text\">Formaci\u00f3n de Instructores<\/span><\/a><\/p>\n","protected":false},"author":1,"featured_media":0,"parent":0,"menu_order":0,"comment_status":"closed","ping_status":"closed","template":"","meta":{"neve_meta_sidebar":"full-width","neve_meta_container":"","neve_meta_enable_content_width":"on","neve_meta_content_width":100,"neve_meta_title_alignment":"","neve_meta_author_avatar":"","neve_post_elements_order":"","neve_meta_disable_header":"","neve_meta_disable_footer":"","neve_meta_disable_title":"","_joinchat":[],"footnotes":""},"class_list":["post-393","page","type-page","status-publish","hentry"],"jetpack_sharing_enabled":true,"_links":{"self":[{"href":"https:\/\/cursos.qualos.com.mx\/index.php\/wp-json\/wp\/v2\/pages\/393","targetHints":{"allow":["GET"]}}],"collection":[{"href":"https:\/\/cursos.qualos.com.mx\/index.php\/wp-json\/wp\/v2\/pages"}],"about":[{"href":"https:\/\/cursos.qualos.com.mx\/index.php\/wp-json\/wp\/v2\/types\/page"}],"author":[{"embeddable":true,"href":"https:\/\/cursos.qualos.com.mx\/index.php\/wp-json\/wp\/v2\/users\/1"}],"replies":[{"embeddable":true,"href":"https:\/\/cursos.qualos.com.mx\/index.php\/wp-json\/wp\/v2\/comments?post=393"}],"version-history":[{"count":2,"href":"https:\/\/cursos.qualos.com.mx\/index.php\/wp-json\/wp\/v2\/pages\/393\/revisions"}],"predecessor-version":[{"id":399,"href":"https:\/\/cursos.qualos.com.mx\/index.php\/wp-json\/wp\/v2\/pages\/393\/revisions\/399"}],"wp:attachment":[{"href":"https:\/\/cursos.qualos.com.mx\/index.php\/wp-json\/wp\/v2\/media?parent=393"}],"curies":[{"name":"wp","href":"https:\/\/api.w.org\/{rel}","templated":true}]}}