{"id":404,"date":"2022-03-02T18:43:09","date_gmt":"2022-03-02T18:43:09","guid":{"rendered":"https:\/\/cursos.qualos.com.mx\/?page_id=404"},"modified":"2022-03-02T18:43:10","modified_gmt":"2022-03-02T18:43:10","slug":"coaching-ontologico","status":"publish","type":"page","link":"https:\/\/cursos.qualos.com.mx\/index.php\/coaching-ontologico\/","title":{"rendered":"COACHING ONTOLOGICO"},"content":{"rendered":"\n<p><strong>ALCANCE<\/strong>&nbsp;<\/p>\n\n\n\n<p><strong>Duraci\u00f3n<\/strong>: 32 Horas por mes en un periodo de 4 meses (16 semanas)<\/p>\n\n\n\n<p><strong>Este servicio consiste en:&nbsp;<\/strong>&nbsp;<\/p>\n\n\n\n<ol class=\"wp-block-list\"><li>Fortalecer y desarrollar habilidades personales:\u00a0<\/li><\/ol>\n\n\n\n<ul class=\"wp-block-list\"><li>Gesti\u00f3n del tiempo&nbsp;<\/li><li>Liderazgo&nbsp;<\/li><\/ul>\n\n\n\n<ul class=\"wp-block-list\"><li>Empoderamiento\u00a0\u00a0<\/li><li>Comunicaci\u00f3n efectiva\u00a0<\/li><li>Escucha activa\u00a0<\/li><li>Negociaci\u00f3n\u00a0\u00a0<\/li><li>Trabajo en Equipo\u00a0<\/li><\/ul>\n\n\n\n<ol class=\"wp-block-list\"><li>Objetivo es:\u00a0<\/li><\/ol>\n\n\n\n<ul class=\"wp-block-list\"><li>Aumento de productividad&nbsp;<\/li><li>Seguimiento diario de metas e indicadores&nbsp;<\/li><li>Resultados en cada departamento&nbsp;<\/li><\/ul>\n\n\n\n<ol class=\"wp-block-list\"><li>Nuestra Capacitaci\u00f3n en sala consiste en 3 etapas :\u00a0<\/li><\/ol>\n\n\n\n<ul class=\"wp-block-list\"><li>SER&nbsp;<\/li><li>HACER&nbsp;<\/li><li>TENER&nbsp;<\/li><\/ul>\n\n\n\n<p><strong>ETAPA 1 \u201cSER\u201d<\/strong>&nbsp;<\/p>\n\n\n\n<p><strong>&nbsp;\u201cEL PODER DE CREAR Y SABER EL PORQUE SOMOS QUIENES SOMOS\u201d<\/strong>&nbsp;<\/p>\n\n\n\n<p>El SER&nbsp; lo tenemos profundamente arraigado y determina como entendemos al mundo y como actuamos en \u00e9l;&nbsp;&nbsp;<\/p>\n\n\n\n<ol class=\"wp-block-list\"><li>Introducci\u00f3n y conceptos b\u00e1sicos y su aplicaci\u00f3n como herramienta a la competencia de su SER\u00a0<\/li><\/ol>\n\n\n\n<ul class=\"wp-block-list\"><li>El observador que somos&nbsp;<\/li><li>Fuentes de los modelos mentales&nbsp;<\/li><li>Distinciones&nbsp;<\/li><li>Modelos mentales que afectan nuestro crecimiento&nbsp;<\/li><li>Pensamientos de juicios personales&nbsp;<\/li><\/ul>\n\n\n\n<ol class=\"wp-block-list\"><li>HABILIDADES DE COMUNICACI\u00d3N el lado oculto del lenguaje\u00a0\u00a0<\/li><\/ol>\n\n\n\n<ul class=\"wp-block-list\"><li>Aprender a aprender \/ Desaprender&nbsp;<\/li><li>El arte de preguntar&nbsp;<\/li><li>El arte de escuchar&nbsp;<\/li><\/ul>\n\n\n\n<ul class=\"wp-block-list\"><li>Calibraci\u00f3n\u00a0<\/li><\/ul>\n\n\n\n<ol class=\"wp-block-list\"><li>HABILIDADES DE APRENDIZAJE. El lenguaje constituye a los seres humanos como el tipo de ser que somos : nuestro cuerpo y la emocionalidad\u00a0<\/li><\/ol>\n\n\n\n<ul class=\"wp-block-list\"><li>4 Emociones b\u00e1sicas basados en resultados.&nbsp;<\/li><li>Emociones y estados de \u00e1nimo.&nbsp;<\/li><\/ul>\n\n\n\n<ul class=\"wp-block-list\"><li>Inteligencia emocional&nbsp;<\/li><li>Competencia emocional&nbsp;<\/li><li>EGO Vs SER&nbsp;<\/li><\/ul>\n\n\n\n<ol class=\"wp-block-list\"><li>GESTION DE LA ADMINISTRACION DEL TIEMPO. Etapa secundaria o de operaci\u00f3n: estrategias para establecer una planeaci\u00f3n centrada en resultados\u00a0<\/li><\/ol>\n\n\n\n<ul class=\"wp-block-list\"><li>Indicadores&nbsp;<\/li><li>Agenda&nbsp;<\/li><\/ul>\n\n\n\n<ul class=\"wp-block-list\"><li>Seguimiento de agenda diaria, semanal, mensual&nbsp;<\/li><\/ul>\n\n\n\n<ul class=\"wp-block-list\"><li>Metas corto, mediano y largo plazo&nbsp;<\/li><\/ul>\n\n\n\n<p><strong>ETAPA 2 \u201cHACER\u201d<\/strong>&nbsp;<\/p>\n\n\n\n<p><strong>\u201cEJECUCION, TECNICAS DE ULTIMA GENERACION PARA ACCIONAR A RESULTADOS\u201d<\/strong>&nbsp;<\/p>\n\n\n\n<p>El Coaching Ontol\u00f3gico es una poderosa herramienta de desarrollo del potencial del individuo a trav\u00e9s de un nuevo enfoque para maximizar resultados, que permite identificar y tomar acciones de mejora para asegurar el \u00e9xito.&nbsp;<\/p>\n\n\n\n<ol class=\"wp-block-list\"><li>HABILIDADES DE LIDERAZGO. Descubrir tus dones talentos, deseos, valores, necesidades y avanzar r\u00e1pidamente por el camino del auto-descubrimiento.\u00a0<\/li><\/ol>\n\n\n\n<ul class=\"wp-block-list\"><li>Conocerte a ti mismo.&nbsp;<\/li><li>Los recursos que tienes&nbsp;<\/li><li>Unidad de Energ\u00eda Mental (DISC)&nbsp;<\/li><li>Fortaleza del ENEAGRAMA&nbsp;<\/li><\/ul>\n\n\n\n<ol class=\"wp-block-list\"><li>HABILIDADES DE NEGOCIACION. Los recursos para negociar, tomar decisiones, motivar, aprender y ser creativo\u00a0<\/li><\/ol>\n\n\n\n<ul class=\"wp-block-list\"><li>Conocer a la otra persona&nbsp;<\/li><\/ul>\n\n\n\n<ul class=\"wp-block-list\"><li>Visual&nbsp;<\/li><li>Auditiva&nbsp;<\/li><li>Kinest\u00e9sica.&nbsp;<\/li><\/ul>\n\n\n\n<ul class=\"wp-block-list\"><li>Lenguaje&nbsp; no verbal (significado de los movimientos en tu equipo)&nbsp;<\/li><li>El \u00e9xito de P.N.L&nbsp;&nbsp;<\/li><li>\u00bfQu\u00e9 hacer antes de una negociaci\u00f3n?&nbsp;<\/li><li>T\u00e9cnicas para crear un ambiente adecuado.&nbsp;<\/li><\/ul>\n\n\n\n<ol class=\"wp-block-list\"><li>HERRAMIENTAS PARA LA TOMA DE DECISIONES. Con toda la informaci\u00f3n reunida en este proceso, tanto en la parte emocional, intelectual y conductual para lograr obtener los resultados esperados.\u00a0<\/li><\/ol>\n\n\n\n<ul class=\"wp-block-list\"><li>Seguimientos de las&nbsp; alternativas en la toma de decisiones 5 acciones&nbsp;<\/li><li>Observar, orientar, decidir&nbsp;&nbsp;<\/li><\/ul>\n\n\n\n<ul class=\"wp-block-list\"><li>Costo beneficio&nbsp;<\/li><\/ul>\n\n\n\n<p><strong>ETAPA 3 \u201cTENER\u201d<\/strong>&nbsp;<\/p>\n\n\n\n<p><strong>\u201cLA EVALUACION EN TUS RESULTADOS\u201d<\/strong>&nbsp;<\/p>\n\n\n\n<p>Gracias al Coaching la evaluaci\u00f3n de las metas y objetivos son claros y contundentes&nbsp;&nbsp;<\/p>\n\n\n\n<ol class=\"wp-block-list\"><li>TRABAJO SOBRE PRESION. Competencias para manejar estr\u00e9s, re-orientado a las acciones para concretar los objetivos propuestos.\u00a0<\/li><\/ol>\n\n\n\n<ul class=\"wp-block-list\"><li>Como afronta la situaci\u00f3n, punto de quiebre.&nbsp;<\/li><li>Manejo del estr\u00e9s por desempe\u00f1o.&nbsp;<\/li><\/ul>\n\n\n\n<ul class=\"wp-block-list\"><li>Autoconfianza, autoestima.&nbsp;<\/li><\/ul>\n\n\n\n<ol class=\"wp-block-list\"><li>RESOLUCION DE PROBLEMAS. Resultado de tus metas y objetivos de acuerdo a la planificaci\u00f3n\u00a0\u00a0<\/li><\/ol>\n\n\n\n<ul class=\"wp-block-list\"><li>Enfoque de resultados esperados&nbsp;<\/li><li>Revisi\u00f3n de resultados diarios, semanales, mensuales&nbsp;&nbsp;<\/li><\/ul>\n\n\n\n<ul class=\"wp-block-list\"><li>Indicadores&nbsp;&nbsp;<\/li><li>metas&nbsp;<\/li><\/ul>\n\n\n\n<ol class=\"wp-block-list\"><li>Feedback\u00a0<\/li><\/ol>\n\n\n\n<ul class=\"wp-block-list\"><li>Direcci\u00f3n&nbsp;&nbsp;<\/li><li>Gerencial&nbsp;<\/li><\/ul>\n\n\n\n<ul class=\"wp-block-list\"><li>Supervisi\u00f3n&nbsp;<\/li><li>Lideres&nbsp;<\/li><li>Individual&nbsp;<\/li><\/ul>\n\n\n\n<p>El Coaching Ontol\u00f3gico&nbsp; desarrolla&nbsp; estar en el&nbsp; presente y se enfoca en los resultados tanto en el area personal como laboral, se orienta a la persona y al proceso de consecuci\u00f3n de objetivos, desarrolla la creatividad del participante para ayudarle a que dise\u00f1e sus propias estrategias y soluciones y finalmente el participante se compromete sin fisuras con su director \/ gerente \/supervisor,&nbsp; para ayudarle y apoyarlo a conseguir los objetivos de la empresa.&nbsp;<\/p>\n\n\n\n<ol class=\"wp-block-list\"><li>Coaching.\u00a0<\/li><\/ol>\n\n\n\n<ul class=\"wp-block-list\"><li>Personal (COACHING ONTOL\u00d3GICO)&nbsp;<\/li><li>Equipo (COACHING EJECUTIVO)&nbsp;<\/li><\/ul>\n\n\n\n<figure class=\"wp-block-image size-full\"><a href=\"https:\/\/api.whatsapp.com\/send?phone=5218445549006\"><img decoding=\"async\" width=\"102\" height=\"102\" src=\"https:\/\/cursos.qualos.com.mx\/wp-content\/uploads\/2021\/03\/watssap.png\" alt=\"\" class=\"wp-image-72\" srcset=\"https:\/\/cursos.qualos.com.mx\/wp-content\/uploads\/2021\/03\/watssap.png 102w, https:\/\/cursos.qualos.com.mx\/wp-content\/uploads\/2021\/03\/watssap-100x100.png 100w\" sizes=\"(max-width: 102px) 100vw, 102px\" \/><\/a><\/figure>\n\n\n\n<p><\/p>\n","protected":false},"excerpt":{"rendered":"<p>ALCANCE&nbsp; Duraci\u00f3n: 32 Horas por mes en un periodo de 4 meses (16 semanas) Este servicio consiste en:&nbsp;&nbsp; Fortalecer y desarrollar habilidades personales:\u00a0 Gesti\u00f3n del tiempo&nbsp; Liderazgo&nbsp; Empoderamiento\u00a0\u00a0 Comunicaci\u00f3n efectiva\u00a0 Escucha activa\u00a0 Negociaci\u00f3n\u00a0\u00a0 Trabajo en Equipo\u00a0 Objetivo es:\u00a0 Aumento de productividad&nbsp; Seguimiento diario de metas e indicadores&nbsp; Resultados en cada departamento&nbsp; Nuestra Capacitaci\u00f3n en sala&hellip;&nbsp;<a href=\"https:\/\/cursos.qualos.com.mx\/index.php\/coaching-ontologico\/\" rel=\"bookmark\">Leer m\u00e1s &raquo;<span class=\"screen-reader-text\">COACHING ONTOLOGICO<\/span><\/a><\/p>\n","protected":false},"author":1,"featured_media":0,"parent":0,"menu_order":0,"comment_status":"closed","ping_status":"closed","template":"","meta":{"neve_meta_sidebar":"full-width","neve_meta_container":"","neve_meta_enable_content_width":"on","neve_meta_content_width":100,"neve_meta_title_alignment":"","neve_meta_author_avatar":"","neve_post_elements_order":"","neve_meta_disable_header":"","neve_meta_disable_footer":"","neve_meta_disable_title":"","_joinchat":[],"footnotes":""},"class_list":["post-404","page","type-page","status-publish","hentry"],"jetpack_sharing_enabled":true,"_links":{"self":[{"href":"https:\/\/cursos.qualos.com.mx\/index.php\/wp-json\/wp\/v2\/pages\/404","targetHints":{"allow":["GET"]}}],"collection":[{"href":"https:\/\/cursos.qualos.com.mx\/index.php\/wp-json\/wp\/v2\/pages"}],"about":[{"href":"https:\/\/cursos.qualos.com.mx\/index.php\/wp-json\/wp\/v2\/types\/page"}],"author":[{"embeddable":true,"href":"https:\/\/cursos.qualos.com.mx\/index.php\/wp-json\/wp\/v2\/users\/1"}],"replies":[{"embeddable":true,"href":"https:\/\/cursos.qualos.com.mx\/index.php\/wp-json\/wp\/v2\/comments?post=404"}],"version-history":[{"count":1,"href":"https:\/\/cursos.qualos.com.mx\/index.php\/wp-json\/wp\/v2\/pages\/404\/revisions"}],"predecessor-version":[{"id":405,"href":"https:\/\/cursos.qualos.com.mx\/index.php\/wp-json\/wp\/v2\/pages\/404\/revisions\/405"}],"wp:attachment":[{"href":"https:\/\/cursos.qualos.com.mx\/index.php\/wp-json\/wp\/v2\/media?parent=404"}],"curies":[{"name":"wp","href":"https:\/\/api.w.org\/{rel}","templated":true}]}}