{"id":410,"date":"2022-03-02T18:48:45","date_gmt":"2022-03-02T18:48:45","guid":{"rendered":"https:\/\/cursos.qualos.com.mx\/?page_id=410"},"modified":"2022-03-02T18:48:46","modified_gmt":"2022-03-02T18:48:46","slug":"solucion-de-problemas","status":"publish","type":"page","link":"https:\/\/cursos.qualos.com.mx\/index.php\/solucion-de-problemas\/","title":{"rendered":"Soluci\u00f3n de Problemas"},"content":{"rendered":"\n<p><strong>OBJETIVO<\/strong>&nbsp;<\/p>\n\n\n\n<p>El participante obtendr\u00e1 los conocimientos de las herramientas b\u00e1sicas con la Metodolog\u00eda del proceso ordenada de Soluci\u00f3n de Problemas aplicando herramientas de an\u00e1lisis causa ra\u00edz para el cumplimiento de acciones correctivas y preventivas.&nbsp;<\/p>\n\n\n\n<p><strong>ALCANCE<\/strong>&nbsp;<\/p>\n\n\n\n<p><strong>Duraci\u00f3n del curso<\/strong>: 16 Horas.\u00a0<\/p>\n\n\n\n<p><strong>OBJETIVO<\/strong>&nbsp;<\/p>\n\n\n\n<p>El participante obtendr\u00e1 los conocimientos de las herramientas b\u00e1sicas con la Metodolog\u00eda del proceso ordenada de Soluci\u00f3n de Problemas aplicando herramientas de an\u00e1lisis causa ra\u00edz para el cumplimiento de acciones correctivas y preventivas.&nbsp;<\/p>\n\n\n\n<p><strong>ALCANCE<\/strong>&nbsp;<\/p>\n\n\n\n<p><strong>Duraci\u00f3n del curso<\/strong>: 16 Horas.&nbsp;<\/p>\n\n\n\n<p><strong>TEMARIO<\/strong>&nbsp;<\/p>\n\n\n\n<p><strong>INTRODUCI\u00d3N AL PROCESO ORDENADO DE SOLUCI\u00d3N DE PROBLEMAS&nbsp;<\/strong>&nbsp;<\/p>\n\n\n\n<p>Introducci\u00f3n a las herramientas de calidad y productividad&nbsp;&nbsp;<\/p>\n\n\n\n<p>Pensamiento sist\u00e9mico&nbsp;&nbsp;<\/p>\n\n\n\n<p>Pensamiento l\u00f3gico&nbsp;&nbsp;<\/p>\n\n\n\n<p>Pensamiento creativo&nbsp;<\/p>\n\n\n\n<p>Introducci\u00f3n al m\u00e9todo organizado de soluci\u00f3n de problemas&nbsp;&nbsp;&nbsp;<\/p>\n\n\n\n<p><strong>DEFINIR Y DETERMINAR EL PROBLEMA PARA EL POSP&nbsp;<\/strong>&nbsp;<\/p>\n\n\n\n<p>Asignaci\u00f3n de problemas actuales o potenciales de la empresa para el caso de estudio&nbsp;&nbsp;<\/p>\n\n\n\n<p>Determinaci\u00f3n del problema con an\u00e1lisis de 30 preguntas para su definici\u00f3n&nbsp;&nbsp;<\/p>\n\n\n\n<p>Acciones Correctivas Inmediatas&nbsp;&nbsp;<\/p>\n\n\n\n<p>Herramientas de an\u00e1lisis&nbsp;<\/p>\n\n\n\n<ul class=\"wp-block-list\"><li>Ishikawa (Diagrama de pescado)&nbsp;<\/li><li>5 Why\u2019s&nbsp;<\/li><li>15 Why\u2019s&nbsp;<\/li><li>8 D\u2019s&nbsp;<\/li><\/ul>\n\n\n\n<p><strong>MATRIZ PROBABILISTICA DE CAUSALIDADES&nbsp;<\/strong>&nbsp;<\/p>\n\n\n\n<p>Desarrollo de la Matriz Probabil\u00edstica para el an\u00e1lisis de las Causas&nbsp;&nbsp;<\/p>\n\n\n\n<p>Ejercicio de la Matriz en caso pr\u00e1ctico&nbsp;&nbsp;<\/p>\n\n\n\n<p>Aplicaci\u00f3n de Herramienta Kawakita Jiro&nbsp;&nbsp;<\/p>\n\n\n\n<p>Acciones de Contenci\u00f3n<strong>&nbsp;<\/strong>&nbsp;<\/p>\n\n\n\n<p><strong>MATRIZ DE CONTRAMEDIDAS&nbsp;<\/strong>&nbsp;<\/p>\n\n\n\n<p>An\u00e1lisis de Acciones para Prevenir su Ocurrencia&nbsp;&nbsp;<\/p>\n\n\n\n<p>Matriz de Contramedidas con enfoque Hoshin Kanri&nbsp;&nbsp;<\/p>\n\n\n\n<p>Priorizaci\u00f3n de contramedidas con el Cuadrante de Valor&nbsp;&nbsp;<\/p>\n\n\n\n<p>Estructura y metodolog\u00eda final del POSP&nbsp;&nbsp;<\/p>\n\n\n\n<p><strong>PRESENTACION DEL EJERCICIO&nbsp;<\/strong>&nbsp;<\/p>\n\n\n\n<p>Presentaci\u00f3n del ejercicio por parte del equipo (Formato POSP)\u00a0\u00a0<\/p>\n\n\n\n<p>Explicaci\u00f3n del equipo de todos los pasos de la metodolog\u00eda utilizada&nbsp;&nbsp;<\/p>\n\n\n\n<p>Ejercicio pr\u00e1ctico del m\u00e9todo para su an\u00e1lisis de la causa ra\u00edz&nbsp;&nbsp;<\/p>\n\n\n\n<p>Acciones propuestas para prevenir que no vuelva a ocurrir&nbsp;&nbsp;<\/p>\n\n\n\n<p>Exposici\u00f3n del equipo&nbsp;<\/p>\n\n\n\n<p>(presentar un problema real de la empresa, un problema por cada 4 participantes)\u00a0<\/p>\n\n\n\n<figure class=\"wp-block-image size-full\"><a href=\"https:\/\/api.whatsapp.com\/send?phone=5218445549006\"><img decoding=\"async\" width=\"102\" height=\"102\" src=\"https:\/\/cursos.qualos.com.mx\/wp-content\/uploads\/2021\/03\/watssap.png\" alt=\"\" class=\"wp-image-72\" srcset=\"https:\/\/cursos.qualos.com.mx\/wp-content\/uploads\/2021\/03\/watssap.png 102w, https:\/\/cursos.qualos.com.mx\/wp-content\/uploads\/2021\/03\/watssap-100x100.png 100w\" sizes=\"(max-width: 102px) 100vw, 102px\" \/><\/a><\/figure>\n","protected":false},"excerpt":{"rendered":"<p>OBJETIVO&nbsp; El participante obtendr\u00e1 los conocimientos de las herramientas b\u00e1sicas con la Metodolog\u00eda del proceso ordenada de Soluci\u00f3n de Problemas aplicando herramientas de an\u00e1lisis causa ra\u00edz para el cumplimiento de acciones correctivas y preventivas.&nbsp; ALCANCE&nbsp; Duraci\u00f3n del curso: 16 Horas.\u00a0 OBJETIVO&nbsp; El participante obtendr\u00e1 los conocimientos de las herramientas b\u00e1sicas con la Metodolog\u00eda del proceso&hellip;&nbsp;<a href=\"https:\/\/cursos.qualos.com.mx\/index.php\/solucion-de-problemas\/\" rel=\"bookmark\">Leer m\u00e1s &raquo;<span class=\"screen-reader-text\">Soluci\u00f3n de Problemas<\/span><\/a><\/p>\n","protected":false},"author":1,"featured_media":0,"parent":0,"menu_order":0,"comment_status":"closed","ping_status":"closed","template":"","meta":{"neve_meta_sidebar":"full-width","neve_meta_container":"","neve_meta_enable_content_width":"on","neve_meta_content_width":100,"neve_meta_title_alignment":"","neve_meta_author_avatar":"","neve_post_elements_order":"","neve_meta_disable_header":"","neve_meta_disable_footer":"","neve_meta_disable_title":"","_joinchat":[],"footnotes":""},"class_list":["post-410","page","type-page","status-publish","hentry"],"jetpack_sharing_enabled":true,"_links":{"self":[{"href":"https:\/\/cursos.qualos.com.mx\/index.php\/wp-json\/wp\/v2\/pages\/410","targetHints":{"allow":["GET"]}}],"collection":[{"href":"https:\/\/cursos.qualos.com.mx\/index.php\/wp-json\/wp\/v2\/pages"}],"about":[{"href":"https:\/\/cursos.qualos.com.mx\/index.php\/wp-json\/wp\/v2\/types\/page"}],"author":[{"embeddable":true,"href":"https:\/\/cursos.qualos.com.mx\/index.php\/wp-json\/wp\/v2\/users\/1"}],"replies":[{"embeddable":true,"href":"https:\/\/cursos.qualos.com.mx\/index.php\/wp-json\/wp\/v2\/comments?post=410"}],"version-history":[{"count":1,"href":"https:\/\/cursos.qualos.com.mx\/index.php\/wp-json\/wp\/v2\/pages\/410\/revisions"}],"predecessor-version":[{"id":411,"href":"https:\/\/cursos.qualos.com.mx\/index.php\/wp-json\/wp\/v2\/pages\/410\/revisions\/411"}],"wp:attachment":[{"href":"https:\/\/cursos.qualos.com.mx\/index.php\/wp-json\/wp\/v2\/media?parent=410"}],"curies":[{"name":"wp","href":"https:\/\/api.w.org\/{rel}","templated":true}]}}