{"id":416,"date":"2022-03-02T18:56:27","date_gmt":"2022-03-02T18:56:27","guid":{"rendered":"https:\/\/cursos.qualos.com.mx\/?page_id=416"},"modified":"2022-03-02T18:56:28","modified_gmt":"2022-03-02T18:56:28","slug":"reclutamiento-y-captacion-del-talento","status":"publish","type":"page","link":"https:\/\/cursos.qualos.com.mx\/index.php\/reclutamiento-y-captacion-del-talento\/","title":{"rendered":"RECLUTAMIENTO Y CAPTACI\u00d3N DEL TALENTO"},"content":{"rendered":"\n<p><strong>OBJETIVO<\/strong>&nbsp;<\/p>\n\n\n\n<p>El participante conocer\u00e1 y aplicar\u00e1 herramientas de reclutamiento y t\u00e9cnicas actualizadas para mejorar el proceso de selecci\u00f3n del personal dentro de la organizaci\u00f3n.<\/p>\n\n\n\n<p><strong>ALCANCE<\/strong>&nbsp;<\/p>\n\n\n\n<p><strong>Duraci\u00f3n del curso<\/strong>: 04 horas.\u00a0<\/p>\n\n\n\n<p><strong>TEMARIO<\/strong>&nbsp;<\/p>\n\n\n\n<p><strong>Planeaci\u00f3n de Reclutamiento y Selecci\u00f3n<\/strong>&nbsp;<\/p>\n\n\n\n<p><strong>Tipos de Entrevista<\/strong>&nbsp;<\/p>\n\n\n\n<p><strong>Eficacia de una Entrevista para la Selecci\u00f3n<\/strong>&nbsp;<\/p>\n\n\n\n<p><strong>Reclutamiento 2.0<\/strong>&nbsp;<\/p>\n\n\n\n<ul class=\"wp-block-list\"><li>Redes Sociales\u00a0<\/li><\/ul>\n\n\n\n<ul class=\"wp-block-list\"><li>Plataformas\u00a0<\/li><li>Multimedia\u00a0<\/li><li>Otros medios externos\u00a0<\/li><\/ul>\n\n\n\n<p><strong>Selecci\u00f3n de Personal 3.0 Inbound Recruiting<\/strong>\u202f\u00a0<\/p>\n\n\n\n<p><strong>Trabajo en equipo entre reclutadores\u00a0<\/strong><\/p>\n\n\n\n<figure class=\"wp-block-image size-full\"><a href=\"https:\/\/api.whatsapp.com\/send?phone=5218445549006\"><img decoding=\"async\" width=\"102\" height=\"102\" src=\"https:\/\/cursos.qualos.com.mx\/wp-content\/uploads\/2021\/03\/watssap.png\" alt=\"\" class=\"wp-image-72\" srcset=\"https:\/\/cursos.qualos.com.mx\/wp-content\/uploads\/2021\/03\/watssap.png 102w, https:\/\/cursos.qualos.com.mx\/wp-content\/uploads\/2021\/03\/watssap-100x100.png 100w\" sizes=\"(max-width: 102px) 100vw, 102px\" \/><\/a><\/figure>\n","protected":false},"excerpt":{"rendered":"<p>OBJETIVO&nbsp; El participante conocer\u00e1 y aplicar\u00e1 herramientas de reclutamiento y t\u00e9cnicas actualizadas para mejorar el proceso de selecci\u00f3n del personal dentro de la organizaci\u00f3n. ALCANCE&nbsp; Duraci\u00f3n del curso: 04 horas.\u00a0 TEMARIO&nbsp; Planeaci\u00f3n de Reclutamiento y Selecci\u00f3n&nbsp; Tipos de Entrevista&nbsp; Eficacia de una Entrevista para la Selecci\u00f3n&nbsp; Reclutamiento 2.0&nbsp; Redes Sociales\u00a0 Plataformas\u00a0 Multimedia\u00a0 Otros medios externos\u00a0&hellip;&nbsp;<a href=\"https:\/\/cursos.qualos.com.mx\/index.php\/reclutamiento-y-captacion-del-talento\/\" rel=\"bookmark\">Leer m\u00e1s &raquo;<span class=\"screen-reader-text\">RECLUTAMIENTO Y CAPTACI\u00d3N DEL TALENTO<\/span><\/a><\/p>\n","protected":false},"author":1,"featured_media":0,"parent":0,"menu_order":0,"comment_status":"closed","ping_status":"closed","template":"","meta":{"neve_meta_sidebar":"full-width","neve_meta_container":"","neve_meta_enable_content_width":"on","neve_meta_content_width":100,"neve_meta_title_alignment":"","neve_meta_author_avatar":"","neve_post_elements_order":"","neve_meta_disable_header":"","neve_meta_disable_footer":"","neve_meta_disable_title":"","_joinchat":[],"footnotes":""},"class_list":["post-416","page","type-page","status-publish","hentry"],"jetpack_sharing_enabled":true,"_links":{"self":[{"href":"https:\/\/cursos.qualos.com.mx\/index.php\/wp-json\/wp\/v2\/pages\/416","targetHints":{"allow":["GET"]}}],"collection":[{"href":"https:\/\/cursos.qualos.com.mx\/index.php\/wp-json\/wp\/v2\/pages"}],"about":[{"href":"https:\/\/cursos.qualos.com.mx\/index.php\/wp-json\/wp\/v2\/types\/page"}],"author":[{"embeddable":true,"href":"https:\/\/cursos.qualos.com.mx\/index.php\/wp-json\/wp\/v2\/users\/1"}],"replies":[{"embeddable":true,"href":"https:\/\/cursos.qualos.com.mx\/index.php\/wp-json\/wp\/v2\/comments?post=416"}],"version-history":[{"count":1,"href":"https:\/\/cursos.qualos.com.mx\/index.php\/wp-json\/wp\/v2\/pages\/416\/revisions"}],"predecessor-version":[{"id":417,"href":"https:\/\/cursos.qualos.com.mx\/index.php\/wp-json\/wp\/v2\/pages\/416\/revisions\/417"}],"wp:attachment":[{"href":"https:\/\/cursos.qualos.com.mx\/index.php\/wp-json\/wp\/v2\/media?parent=416"}],"curies":[{"name":"wp","href":"https:\/\/api.w.org\/{rel}","templated":true}]}}