{"id":422,"date":"2022-03-02T19:01:03","date_gmt":"2022-03-02T19:01:03","guid":{"rendered":"https:\/\/cursos.qualos.com.mx\/?page_id=422"},"modified":"2022-03-02T19:04:11","modified_gmt":"2022-03-02T19:04:11","slug":"liderazgo","status":"publish","type":"page","link":"https:\/\/cursos.qualos.com.mx\/index.php\/liderazgo\/","title":{"rendered":"Liderazgo"},"content":{"rendered":"\n<p><strong>OBJETIVO<\/strong>\u00a0<\/p>\n\n\n\n<p>Lograr que el participante desarrolle habilidades de liderazgo efectivo, incluyendo la aplicaci\u00f3n de herramientas que impulse el desarrollo humano con bases a las nuevas modalidades que se enfrentan actualmente las organizaciones, enfocando al l\u00edder de futuro con t\u00e9cnicas que le faciliten la comunicaci\u00f3n, el trabajo en equipo, la empat\u00eda y el autoconocimiento emocional para mejorar su desempe\u00f1o laboral y personal.&nbsp;<\/p>\n\n\n\n<p><strong>ALCANCE<\/strong>&nbsp;<\/p>\n\n\n\n<p><strong>Duraci\u00f3n del curso<\/strong>: 06 horas.\u00a0<\/p>\n\n\n\n<p><strong>TEMARIO<\/strong>&nbsp;<\/p>\n\n\n\n<p><strong>Desarrollo Humano&nbsp;<\/strong>&nbsp;<\/p>\n\n\n\n<ul class=\"wp-block-list\"><li>Comunicaci\u00f3n Asertiva&nbsp;<\/li><li>Escucha Activa y Emp\u00e1tica&nbsp;<\/li><li>Lenguaje Verbal y No Verbal&nbsp;<\/li><\/ul>\n\n\n\n<p><strong>Liderazgo<\/strong>&nbsp;<\/p>\n\n\n\n<ul class=\"wp-block-list\"><li>Habilidades de Liderazgo&nbsp;<\/li><li>Perfil del L\u00edder Moderno&nbsp;<\/li><li>El liderazgo y el Coaching&nbsp;<\/li><li>Planeaci\u00f3n Organizacional&nbsp;&nbsp;<\/li><\/ul>\n\n\n\n<p><strong>Resoluci\u00f3n de Problemas<\/strong>&nbsp;<\/p>\n\n\n\n<ul class=\"wp-block-list\"><li>Definici\u00f3n del problema\u00a0<\/li><li>An\u00e1lisis de causas\u00a0\u00a0<\/li><li>Acciones correctivas permanentes) sist\u00e9micas, detecci\u00f3n y ocurrencias\u00a0<\/li><li>Verificaci\u00f3n de las acciones para prevenir su ocurrencia\u00a0<\/li><\/ul>\n\n\n\n<figure class=\"wp-block-image size-full\"><a href=\"https:\/\/api.whatsapp.com\/send?phone=5218445549006\"><img decoding=\"async\" width=\"102\" height=\"102\" src=\"https:\/\/cursos.qualos.com.mx\/wp-content\/uploads\/2021\/03\/watssap.png\" alt=\"\" class=\"wp-image-72\" srcset=\"https:\/\/cursos.qualos.com.mx\/wp-content\/uploads\/2021\/03\/watssap.png 102w, https:\/\/cursos.qualos.com.mx\/wp-content\/uploads\/2021\/03\/watssap-100x100.png 100w\" sizes=\"(max-width: 102px) 100vw, 102px\" \/><\/a><\/figure>\n","protected":false},"excerpt":{"rendered":"<p>OBJETIVO\u00a0 Lograr que el participante desarrolle habilidades de liderazgo efectivo, incluyendo la aplicaci\u00f3n de herramientas que impulse el desarrollo humano con bases a las nuevas modalidades que se enfrentan actualmente las organizaciones, enfocando al l\u00edder de futuro con t\u00e9cnicas que le faciliten la comunicaci\u00f3n, el trabajo en equipo, la empat\u00eda y el autoconocimiento emocional para&hellip;&nbsp;<a href=\"https:\/\/cursos.qualos.com.mx\/index.php\/liderazgo\/\" rel=\"bookmark\">Leer m\u00e1s &raquo;<span class=\"screen-reader-text\">Liderazgo<\/span><\/a><\/p>\n","protected":false},"author":1,"featured_media":0,"parent":0,"menu_order":0,"comment_status":"closed","ping_status":"closed","template":"","meta":{"neve_meta_sidebar":"full-width","neve_meta_container":"","neve_meta_enable_content_width":"on","neve_meta_content_width":100,"neve_meta_title_alignment":"","neve_meta_author_avatar":"","neve_post_elements_order":"","neve_meta_disable_header":"","neve_meta_disable_footer":"","neve_meta_disable_title":"","_joinchat":[],"footnotes":""},"class_list":["post-422","page","type-page","status-publish","hentry"],"jetpack_sharing_enabled":true,"_links":{"self":[{"href":"https:\/\/cursos.qualos.com.mx\/index.php\/wp-json\/wp\/v2\/pages\/422","targetHints":{"allow":["GET"]}}],"collection":[{"href":"https:\/\/cursos.qualos.com.mx\/index.php\/wp-json\/wp\/v2\/pages"}],"about":[{"href":"https:\/\/cursos.qualos.com.mx\/index.php\/wp-json\/wp\/v2\/types\/page"}],"author":[{"embeddable":true,"href":"https:\/\/cursos.qualos.com.mx\/index.php\/wp-json\/wp\/v2\/users\/1"}],"replies":[{"embeddable":true,"href":"https:\/\/cursos.qualos.com.mx\/index.php\/wp-json\/wp\/v2\/comments?post=422"}],"version-history":[{"count":2,"href":"https:\/\/cursos.qualos.com.mx\/index.php\/wp-json\/wp\/v2\/pages\/422\/revisions"}],"predecessor-version":[{"id":427,"href":"https:\/\/cursos.qualos.com.mx\/index.php\/wp-json\/wp\/v2\/pages\/422\/revisions\/427"}],"wp:attachment":[{"href":"https:\/\/cursos.qualos.com.mx\/index.php\/wp-json\/wp\/v2\/media?parent=422"}],"curies":[{"name":"wp","href":"https:\/\/api.w.org\/{rel}","templated":true}]}}