{"id":447,"date":"2022-03-03T17:45:23","date_gmt":"2022-03-03T17:45:23","guid":{"rendered":"https:\/\/cursos.qualos.com.mx\/?page_id=447"},"modified":"2022-03-03T17:45:24","modified_gmt":"2022-03-03T17:45:24","slug":"solidwork","status":"publish","type":"page","link":"https:\/\/cursos.qualos.com.mx\/index.php\/solidwork\/","title":{"rendered":"SOLIDWORK"},"content":{"rendered":"\n<p><strong>NIVEL:<\/strong> B\u00e1sico \u2013 Intermedio&nbsp;<\/p>\n\n\n\n<p><strong>DIRIGIDO A:<\/strong> Personas relacionadas a las \u00e1reas de desarrollo de producto, dise\u00f1o y manufactura de componentes y piezas mec\u00e1nicas, as\u00ed como a personal del \u00e1rea de taller o mantenimiento.&nbsp;<\/p>\n\n\n\n<p><strong>OBJETIVO: <\/strong>Desarrollar las habilidades b\u00e1sicas de creaci\u00f3n de piezas, ensambles y planos, de manera que el participante entienda como SolidWorks transmite la informaci\u00f3n de dise\u00f1o 3D a trav\u00e9s de todas las fases de dise\u00f1o, desde la creaci\u00f3n de piezas s\u00f3lidas, el montaje de piezas en conjunto y la generaci\u00f3n de planos mec\u00e1nicos, con las especificaciones de ingenier\u00eda, y requerimiento de las normas de dibujo aplicables.&nbsp;<\/p>\n\n\n\n<p><strong>ALCANCE<\/strong>&nbsp;<\/p>\n\n\n\n<p><strong>Duraci\u00f3n del curso<\/strong>: 12 horas.\u00a0<\/p>\n\n\n\n<p><strong>TEMARIO<\/strong>&nbsp;<\/p>\n\n\n\n<ol class=\"wp-block-list\"><li><strong>INTRODUCCI\u00d3N A SOLIDWORKS&nbsp;<\/strong>&nbsp;<\/li><\/ol>\n\n\n\n<ul class=\"wp-block-list\"><li>Conceptos b\u00e1sicos&nbsp;<\/li><li>Elementos de pantalla&nbsp;<\/li><li>Conceptos b\u00e1sicos de croquizado&nbsp;<\/li><li>Dimensionamiento&nbsp;<\/li><\/ul>\n\n\n\n<ul class=\"wp-block-list\"><li>Relaciones de croquis&nbsp;<\/li><\/ul>\n\n\n\n<ol class=\"wp-block-list\" start=\"2\"><li><strong>MODELADO DE PIEZAS EN 3D&nbsp;<\/strong>&nbsp;<\/li><\/ol>\n\n\n\n<ul class=\"wp-block-list\"><li>Modelado b\u00e1sico&nbsp;<\/li><li>Perfil de trabajo&nbsp;<\/li><\/ul>\n\n\n\n<ul class=\"wp-block-list\"><li>Detalles de pieza&nbsp;<\/li><li>Operaci\u00f3n Saliente&nbsp;<\/li><\/ul>\n\n\n\n<ul class=\"wp-block-list\"><li>Operaci\u00f3n Cortar&nbsp;<\/li><li>Operaci\u00f3n Revoluci\u00f3n&nbsp;<\/li><\/ul>\n\n\n\n<ul class=\"wp-block-list\"><li>Operaci\u00f3n Revoluci\u00f3n de corte&nbsp;<\/li><li>Redondeos y chaflanes&nbsp;<\/li><li>Operaciones complejas&nbsp;<\/li><li>Geometr\u00eda de referencia: Planos&nbsp;<\/li><\/ul>\n\n\n\n<ol class=\"wp-block-list\" start=\"3\"><li><strong>APLICACI\u00d3N DE MATERIALES Y VISUALIZACI\u00d3N DIN\u00c1MICA<\/strong>&nbsp;<\/li><\/ol>\n\n\n\n<ul class=\"wp-block-list\"><li>Materiales&nbsp;<\/li><li>Orientaci\u00f3n y Estilos de visualizaci\u00f3n&nbsp;<\/li><li>Aplicar escena&nbsp;<\/li><li>Vista explosionada&nbsp;<\/li><\/ul>\n\n\n\n<ol class=\"wp-block-list\" start=\"4\"><li><strong>INTRODUCCI\u00d3N A LOS ENSAMBLES&nbsp;<\/strong>&nbsp;<\/li><\/ol>\n\n\n\n<ul class=\"wp-block-list\"><li>Conceptos b\u00e1sicos de ensambles&nbsp;<\/li><li>Relaciones cr\u00edticas de funcionamiento&nbsp;<\/li><li>Simulaci\u00f3n b\u00e1sica&nbsp;<\/li><\/ul>\n\n\n\n<ol class=\"wp-block-list\" start=\"5\"><li><strong>ESTUDIO DE MOVIMIENTO&nbsp;<\/strong>&nbsp;<\/li><\/ol>\n\n\n\n<ul class=\"wp-block-list\"><li>Interfaz del estudio de movimiento&nbsp;<\/li><li>Tipos de movimientos en un ensamble&nbsp;<\/li><li>Configuraci\u00f3n del estudio de movimiento y explosionado&nbsp;<\/li><\/ul>\n\n\n\n<ol class=\"wp-block-list\" start=\"6\"><li><strong>INTRODUCCI\u00d3N AL DIBUJO T\u00c9CNICO 2D \u2013 LAMINAS DE INGENIER\u00cdA&nbsp;<\/strong>&nbsp;<\/li><\/ol>\n\n\n\n<ul class=\"wp-block-list\"><li>El Layout&nbsp;<\/li><li>Inserci\u00f3n de vistas&nbsp;<\/li><li>Vista de Secci\u00f3n&nbsp;<\/li><\/ul>\n\n\n\n<ul class=\"wp-block-list\"><li>Vista de detalle&nbsp;<\/li><li>Agregar acotaciones: manual y en forma autom\u00e1tica&nbsp;<\/li><li>Impresi\u00f3n&nbsp;<\/li><\/ul>\n\n\n\n<ol class=\"wp-block-list\" start=\"7\"><li><strong>Caso de Estudio&nbsp;<\/strong>&nbsp;<\/li><\/ol>\n\n\n\n<figure class=\"wp-block-image size-full\"><a href=\"https:\/\/api.whatsapp.com\/send?phone=5218445549006\"><img decoding=\"async\" width=\"102\" height=\"102\" src=\"https:\/\/cursos.qualos.com.mx\/wp-content\/uploads\/2021\/03\/watssap.png\" alt=\"\" class=\"wp-image-72\" srcset=\"https:\/\/cursos.qualos.com.mx\/wp-content\/uploads\/2021\/03\/watssap.png 102w, https:\/\/cursos.qualos.com.mx\/wp-content\/uploads\/2021\/03\/watssap-100x100.png 100w\" sizes=\"(max-width: 102px) 100vw, 102px\" \/><\/a><\/figure>\n","protected":false},"excerpt":{"rendered":"<p>NIVEL: B\u00e1sico \u2013 Intermedio&nbsp; DIRIGIDO A: Personas relacionadas a las \u00e1reas de desarrollo de producto, dise\u00f1o y manufactura de componentes y piezas mec\u00e1nicas, as\u00ed como a personal del \u00e1rea de taller o mantenimiento.&nbsp; OBJETIVO: Desarrollar las habilidades b\u00e1sicas de creaci\u00f3n de piezas, ensambles y planos, de manera que el participante entienda como SolidWorks transmite la&hellip;&nbsp;<a href=\"https:\/\/cursos.qualos.com.mx\/index.php\/solidwork\/\" rel=\"bookmark\">Leer m\u00e1s &raquo;<span class=\"screen-reader-text\">SOLIDWORK<\/span><\/a><\/p>\n","protected":false},"author":1,"featured_media":0,"parent":0,"menu_order":0,"comment_status":"closed","ping_status":"closed","template":"","meta":{"neve_meta_sidebar":"full-width","neve_meta_container":"","neve_meta_enable_content_width":"on","neve_meta_content_width":100,"neve_meta_title_alignment":"","neve_meta_author_avatar":"","neve_post_elements_order":"","neve_meta_disable_header":"","neve_meta_disable_footer":"","neve_meta_disable_title":"","_joinchat":[],"footnotes":""},"class_list":["post-447","page","type-page","status-publish","hentry"],"jetpack_sharing_enabled":true,"_links":{"self":[{"href":"https:\/\/cursos.qualos.com.mx\/index.php\/wp-json\/wp\/v2\/pages\/447","targetHints":{"allow":["GET"]}}],"collection":[{"href":"https:\/\/cursos.qualos.com.mx\/index.php\/wp-json\/wp\/v2\/pages"}],"about":[{"href":"https:\/\/cursos.qualos.com.mx\/index.php\/wp-json\/wp\/v2\/types\/page"}],"author":[{"embeddable":true,"href":"https:\/\/cursos.qualos.com.mx\/index.php\/wp-json\/wp\/v2\/users\/1"}],"replies":[{"embeddable":true,"href":"https:\/\/cursos.qualos.com.mx\/index.php\/wp-json\/wp\/v2\/comments?post=447"}],"version-history":[{"count":1,"href":"https:\/\/cursos.qualos.com.mx\/index.php\/wp-json\/wp\/v2\/pages\/447\/revisions"}],"predecessor-version":[{"id":448,"href":"https:\/\/cursos.qualos.com.mx\/index.php\/wp-json\/wp\/v2\/pages\/447\/revisions\/448"}],"wp:attachment":[{"href":"https:\/\/cursos.qualos.com.mx\/index.php\/wp-json\/wp\/v2\/media?parent=447"}],"curies":[{"name":"wp","href":"https:\/\/api.w.org\/{rel}","templated":true}]}}