{"id":451,"date":"2022-03-03T17:58:12","date_gmt":"2022-03-03T17:58:12","guid":{"rendered":"https:\/\/cursos.qualos.com.mx\/?page_id=451"},"modified":"2022-03-03T17:58:13","modified_gmt":"2022-03-03T17:58:13","slug":"software-pc-dmis","status":"publish","type":"page","link":"https:\/\/cursos.qualos.com.mx\/index.php\/software-pc-dmis\/","title":{"rendered":"software PC- DMIS"},"content":{"rendered":"\n<p><strong>REQUERIMIENTOS&nbsp;<\/strong>&nbsp;<\/p>\n\n\n\n<ul class=\"wp-block-list\"><li>Visitas programadas y convenidas conjuntamente entre la empresa contratante y disponibilidad del&nbsp;&nbsp;<\/li><\/ul>\n\n\n\n<p>Asesor.&nbsp;<\/p>\n\n\n\n<ul class=\"wp-block-list\"><li>La empresa deber\u00e1 proporcionar la informaci\u00f3n solicitada al asesor y en caso de que la empresa requiera una carta de confidencialidad por \u00e9tica profesional se har\u00e1 llegar la misma.&nbsp;&nbsp;<\/li><\/ul>\n\n\n\n<ul class=\"wp-block-list\"><li>Lugar: Instalaciones de la Empresa&nbsp;<\/li><\/ul>\n\n\n\n<p>En esta propuesta no se incluyen los recursos ni tiempos para cursos, talleres que se detecten durante el proceso de desarrollo del proyecto.<\/p>\n","protected":false},"excerpt":{"rendered":"<p>REQUERIMIENTOS&nbsp;&nbsp; Visitas programadas y convenidas conjuntamente entre la empresa contratante y disponibilidad del&nbsp;&nbsp; Asesor.&nbsp; La empresa deber\u00e1 proporcionar la informaci\u00f3n solicitada al asesor y en caso de que la empresa requiera una carta de confidencialidad por \u00e9tica profesional se har\u00e1 llegar la misma.&nbsp;&nbsp; Lugar: Instalaciones de la Empresa&nbsp; En esta propuesta no se incluyen los&hellip;&nbsp;<a href=\"https:\/\/cursos.qualos.com.mx\/index.php\/software-pc-dmis\/\" rel=\"bookmark\">Leer m\u00e1s &raquo;<span class=\"screen-reader-text\">software PC- DMIS<\/span><\/a><\/p>\n","protected":false},"author":1,"featured_media":0,"parent":0,"menu_order":0,"comment_status":"closed","ping_status":"closed","template":"","meta":{"neve_meta_sidebar":"full-width","neve_meta_container":"","neve_meta_enable_content_width":"on","neve_meta_content_width":100,"neve_meta_title_alignment":"","neve_meta_author_avatar":"","neve_post_elements_order":"","neve_meta_disable_header":"","neve_meta_disable_footer":"","neve_meta_disable_title":"","_joinchat":[],"footnotes":""},"class_list":["post-451","page","type-page","status-publish","hentry"],"jetpack_sharing_enabled":true,"_links":{"self":[{"href":"https:\/\/cursos.qualos.com.mx\/index.php\/wp-json\/wp\/v2\/pages\/451","targetHints":{"allow":["GET"]}}],"collection":[{"href":"https:\/\/cursos.qualos.com.mx\/index.php\/wp-json\/wp\/v2\/pages"}],"about":[{"href":"https:\/\/cursos.qualos.com.mx\/index.php\/wp-json\/wp\/v2\/types\/page"}],"author":[{"embeddable":true,"href":"https:\/\/cursos.qualos.com.mx\/index.php\/wp-json\/wp\/v2\/users\/1"}],"replies":[{"embeddable":true,"href":"https:\/\/cursos.qualos.com.mx\/index.php\/wp-json\/wp\/v2\/comments?post=451"}],"version-history":[{"count":1,"href":"https:\/\/cursos.qualos.com.mx\/index.php\/wp-json\/wp\/v2\/pages\/451\/revisions"}],"predecessor-version":[{"id":452,"href":"https:\/\/cursos.qualos.com.mx\/index.php\/wp-json\/wp\/v2\/pages\/451\/revisions\/452"}],"wp:attachment":[{"href":"https:\/\/cursos.qualos.com.mx\/index.php\/wp-json\/wp\/v2\/media?parent=451"}],"curies":[{"name":"wp","href":"https:\/\/api.w.org\/{rel}","templated":true}]}}