{"id":480,"date":"2022-03-03T18:31:17","date_gmt":"2022-03-03T18:31:17","guid":{"rendered":"https:\/\/cursos.qualos.com.mx\/?page_id=480"},"modified":"2022-03-03T18:31:18","modified_gmt":"2022-03-03T18:31:18","slug":"poliworks","status":"publish","type":"page","link":"https:\/\/cursos.qualos.com.mx\/index.php\/poliworks\/","title":{"rendered":"Poliworks"},"content":{"rendered":"\n<ul class=\"wp-block-list\"><li><strong><em>OBJETIVO<\/em><\/strong>\u200b<\/li><li>Que el participante comprenda de manera practica y te\u00f3rica la forma\u00a0de operar y dimensionar con el software polyworks.\u200b<\/li><\/ul>\n\n\n\n<p><strong>Alcance<\/strong><\/p>\n\n\n\n<ul class=\"wp-block-list\"><li>Tiempo del curso 16 horas (8 horas Modulo 1 y 8 horas Modulo 2).\u200b<\/li><li>Cuatro sesiones de 4 horas en disponibilidad de la empresa e\u00a0instructor.\u200b<\/li><li>Se requiere contar con computadora con software de medici\u00f3n\u00a0polyworks en versiones 2014 o superior.\u200b<\/li><\/ul>\n\n\n\n<p><strong>Proyecto<\/strong><\/p>\n\n\n\n<ul class=\"wp-block-list\"><li><strong><em>TEMARIO (Modulo 1)<\/em><\/strong>\u200b<\/li><li>Ambiente de polyworks\/IMINSPECT (simbolog\u00edas del software),\u00a0importaci\u00f3n de modelos matem\u00e1ticos.\u200b<\/li><li>Alineaci\u00f3n (N pares de puntos, 6 point, best fit, datum features\u00a0target, datums point, etc.).\u200b<\/li><li>Creaci\u00f3n de una rutina de inspecci\u00f3n con o sin modelo.\u200b<\/li><li>Creaci\u00f3n de un apropiado Sistema de Coordenadas.\u200b<\/li><li>Aplicaci\u00f3n de GD&amp;T a las rutinas.\u200b<\/li><li>Demostraci\u00f3n con piezas f\u00edsicas.\u200b<\/li><\/ul>\n\n\n\n<ul class=\"wp-block-list\"><li><strong><em>TEMARIO (Modulo 2)<\/em><\/strong>\u200b<\/li><li>Edici\u00f3n de datos nominales.\u200b<\/li><li>Creaci\u00f3n de mapas de colores.\u200b<\/li><li>An\u00e1lisis y optimizaci\u00f3n de rutinas de inspecci\u00f3n.\u200b<\/li><li>Toma de fotos y creaci\u00f3n de reportes autom\u00e1ticos.\u200b<\/li><li>Notas en reportes y pantallas.\u200b<\/li><\/ul>\n\n\n\n<figure class=\"wp-block-image size-full\"><a href=\"https:\/\/api.whatsapp.com\/send?phone=5218445549006\"><img decoding=\"async\" width=\"102\" height=\"102\" src=\"https:\/\/cursos.qualos.com.mx\/wp-content\/uploads\/2021\/03\/watssap.png\" alt=\"\" class=\"wp-image-72\" srcset=\"https:\/\/cursos.qualos.com.mx\/wp-content\/uploads\/2021\/03\/watssap.png 102w, https:\/\/cursos.qualos.com.mx\/wp-content\/uploads\/2021\/03\/watssap-100x100.png 100w\" sizes=\"(max-width: 102px) 100vw, 102px\" \/><\/a><\/figure>\n","protected":false},"excerpt":{"rendered":"<p>OBJETIVO\u200b Que el participante comprenda de manera practica y te\u00f3rica la forma\u00a0de operar y dimensionar con el software polyworks.\u200b Alcance Tiempo del curso 16 horas (8 horas Modulo 1 y 8 horas Modulo 2).\u200b Cuatro sesiones de 4 horas en disponibilidad de la empresa e\u00a0instructor.\u200b Se requiere contar con computadora con software de medici\u00f3n\u00a0polyworks en&hellip;&nbsp;<a href=\"https:\/\/cursos.qualos.com.mx\/index.php\/poliworks\/\" rel=\"bookmark\">Leer m\u00e1s &raquo;<span class=\"screen-reader-text\">Poliworks<\/span><\/a><\/p>\n","protected":false},"author":1,"featured_media":0,"parent":0,"menu_order":0,"comment_status":"closed","ping_status":"closed","template":"","meta":{"neve_meta_sidebar":"full-width","neve_meta_container":"","neve_meta_enable_content_width":"on","neve_meta_content_width":100,"neve_meta_title_alignment":"","neve_meta_author_avatar":"","neve_post_elements_order":"","neve_meta_disable_header":"","neve_meta_disable_footer":"","neve_meta_disable_title":"","_joinchat":[],"footnotes":""},"class_list":["post-480","page","type-page","status-publish","hentry"],"jetpack_sharing_enabled":true,"_links":{"self":[{"href":"https:\/\/cursos.qualos.com.mx\/index.php\/wp-json\/wp\/v2\/pages\/480","targetHints":{"allow":["GET"]}}],"collection":[{"href":"https:\/\/cursos.qualos.com.mx\/index.php\/wp-json\/wp\/v2\/pages"}],"about":[{"href":"https:\/\/cursos.qualos.com.mx\/index.php\/wp-json\/wp\/v2\/types\/page"}],"author":[{"embeddable":true,"href":"https:\/\/cursos.qualos.com.mx\/index.php\/wp-json\/wp\/v2\/users\/1"}],"replies":[{"embeddable":true,"href":"https:\/\/cursos.qualos.com.mx\/index.php\/wp-json\/wp\/v2\/comments?post=480"}],"version-history":[{"count":1,"href":"https:\/\/cursos.qualos.com.mx\/index.php\/wp-json\/wp\/v2\/pages\/480\/revisions"}],"predecessor-version":[{"id":481,"href":"https:\/\/cursos.qualos.com.mx\/index.php\/wp-json\/wp\/v2\/pages\/480\/revisions\/481"}],"wp:attachment":[{"href":"https:\/\/cursos.qualos.com.mx\/index.php\/wp-json\/wp\/v2\/media?parent=480"}],"curies":[{"name":"wp","href":"https:\/\/api.w.org\/{rel}","templated":true}]}}