{"id":9,"date":"2021-02-27T20:49:53","date_gmt":"2021-02-27T20:49:53","guid":{"rendered":"https:\/\/cursos.qualos.com.mx\/?page_id=9"},"modified":"2021-03-06T22:18:29","modified_gmt":"2021-03-06T22:18:29","slug":"portofolio","status":"publish","type":"page","link":"https:\/\/cursos.qualos.com.mx\/index.php\/portofolio\/","title":{"rendered":"Diplomados"},"content":{"rendered":"\n<div class=\"wp-block-cover alignfull has-nv-site-bg-background-color has-background-dim\" style=\"min-height:300px;aspect-ratio:unset;\"><div class=\"wp-block-cover__inner-container is-layout-flow wp-block-cover-is-layout-flow\">\n<div class=\"wp-block-group\"><div class=\"wp-block-group__inner-container is-layout-flow wp-block-group-is-layout-flow\">\n<p class=\"has-text-align-center\"><span class=\"has-inline-color has-nv-dark-bg-color\">Diplomados Presenciales y Online. <\/span><\/p>\n\n\n\n<p class=\"has-text-align-center\"><span class=\"has-inline-color has-nv-dark-bg-color\">Con Valor Curricular.<\/span><\/p>\n\n\n\n<p class=\"has-text-align-center\"><span class=\"has-inline-color has-nv-dark-bg-color\">Incluye: Material Electr\u00f3nico, Diploma y Constancias DC3.<\/span><\/p>\n<\/div><\/div>\n<\/div><\/div>\n\n\n\n<div class=\"wp-block-cover alignfull has-nv-light-bg-background-color has-background-dim\" style=\"min-height:600px;aspect-ratio:unset;\"><div class=\"wp-block-cover__inner-container is-layout-flow wp-block-cover-is-layout-flow\">\n<div class=\"wp-block-group\"><div class=\"wp-block-group__inner-container is-layout-flow wp-block-group-is-layout-flow\">\n<div class=\"wp-block-columns are-vertically-aligned-center is-layout-flex wp-container-core-columns-is-layout-28f84493 wp-block-columns-is-layout-flex\">\n<div class=\"wp-block-column is-vertically-aligned-center is-layout-flow wp-block-column-is-layout-flow\" style=\"flex-basis:50%\">\n<figure class=\"wp-block-image\"><img decoding=\"async\" src=\"https:\/\/cursos.qualos.com.mx\/wp-content\/themes\/neve\/assets\/img\/starter-content\/card-05.jpg\" alt=\"\"\/><\/figure>\n\n\n\n<h3 class=\"has-text-align-center has-neve-text-color-color has-text-color wp-block-heading\">Diplomado Lean Manufacturing<\/h3>\n\n\n\n<p class=\"has-text-align-center\"><span class=\"has-inline-color has-nv-dark-bg-color\">Objetivo: El participante identificar\u00e1 y aplicar\u00e1 herramientas y metodolog\u00edas de manufactura esbelta para la eliminaci\u00f3n o reducci\u00f3n de desperdicios que se presenten en los procesos, generando valor agregado a la organizaci\u00f3n.<\/span><\/p>\n\n\n\n<div class=\"wp-block-buttons aligncenter is-layout-flex wp-block-buttons-is-layout-flex\">\n<div class=\"wp-block-button is-style-primary\"><a class=\"wp-block-button__link\" href=\"https:\/\/cursos.qualos.com.mx\/index.php\/diplomado-lean-manufacturing\/\">ver mas<\/a><\/div>\n<\/div>\n\n\n\n<div style=\"height:40px\" aria-hidden=\"true\" class=\"wp-block-spacer\"><\/div>\n<\/div>\n\n\n\n<div class=\"wp-block-column is-vertically-aligned-center is-layout-flow wp-block-column-is-layout-flow\" style=\"flex-basis:50%\">\n<figure class=\"wp-block-image is-resized\"><img fetchpriority=\"high\" decoding=\"async\" src=\"https:\/\/cursos.qualos.com.mx\/wp-content\/themes\/neve\/assets\/img\/starter-content\/card-01.jpg\" alt=\"\" width=\"507\" height=\"507\"\/><\/figure>\n\n\n\n<h3 class=\"has-text-align-center has-neve-text-color-color has-text-color wp-block-heading\">Diplomados Desarrollo Humano y Coaching<\/h3>\n\n\n\n<p class=\"has-text-align-center\"><span class=\"has-inline-color has-nv-dark-bg-color\">Objetivo: El participante aplicar\u00e1 habilidades de coaching ontol\u00f3gico conociendo t\u00e9cnicas para desempe\u00f1ar con efectividad el desarrollo del talento humano de una organizaci\u00f3n y mejorando las dimensiones del Ser en su aspecto emocional, biol\u00f3gico y psicosocial.<\/span><\/p>\n\n\n\n<div class=\"wp-block-buttons aligncenter is-layout-flex wp-block-buttons-is-layout-flex\">\n<div class=\"wp-block-button is-style-primary\"><a class=\"wp-block-button__link\" href=\"https:\/\/cursos.qualos.com.mx\/index.php\/desarrollo-humano-y-coaching\/\">ver mas<\/a><\/div>\n<\/div>\n\n\n\n<div style=\"height:40px\" aria-hidden=\"true\" class=\"wp-block-spacer\"><\/div>\n<\/div>\n<\/div>\n\n\n\n<div style=\"height:40px\" aria-hidden=\"true\" class=\"wp-block-spacer\"><\/div>\n<\/div><\/div>\n<\/div><\/div>\n\n\n\n<div class=\"wp-block-cover alignfull has-nv-site-bg-background-color has-background-dim\" style=\"min-height:600px;aspect-ratio:unset;\"><div class=\"wp-block-cover__inner-container is-layout-flow wp-block-cover-is-layout-flow\">\n<div class=\"wp-block-group\"><div class=\"wp-block-group__inner-container is-layout-flow wp-block-group-is-layout-flow\">\n<div style=\"height:80px\" aria-hidden=\"true\" class=\"wp-block-spacer\"><\/div>\n\n\n\n<div class=\"wp-block-columns are-vertically-aligned-center is-layout-flex wp-container-core-columns-is-layout-28f84493 wp-block-columns-is-layout-flex\">\n<div class=\"wp-block-column is-vertically-aligned-center is-layout-flow wp-block-column-is-layout-flow\" style=\"flex-basis:50%\">\n<figure class=\"wp-block-image\"><img decoding=\"async\" src=\"https:\/\/cursos.qualos.com.mx\/wp-content\/themes\/neve\/assets\/img\/starter-content\/card-06.jpg\" alt=\"\"\/><\/figure>\n\n\n\n<h3 class=\"has-text-align-center has-neve-text-color-color has-text-color wp-block-heading\">Diplomado Calidad Organizacional<\/h3>\n\n\n\n<p class=\"has-text-align-center has-neve-text-color-color has-text-color\"><span class=\"has-inline-color has-nv-dark-bg-color\">Objetivo: Incrementar las competencias y habilidades de los participantes, mediante el desarrollo y aplicaci\u00f3n de m\u00e9todos pr\u00e1cticos para el cumplimiento de est\u00e1ndares  internacionales de la gesti\u00f3n de calidad, la mejora continua y la optimizaci\u00f3n de los procesos organizacionales. <\/span><\/p>\n\n\n\n<div class=\"wp-block-buttons aligncenter is-layout-flex wp-block-buttons-is-layout-flex\">\n<div class=\"wp-block-button is-style-primary\"><a class=\"wp-block-button__link\" href=\"https:\/\/cursos.qualos.com.mx\/index.php\/diplomado-calidad-organizacional\/\">ver mas<\/a><\/div>\n<\/div>\n\n\n\n<div style=\"height:40px\" aria-hidden=\"true\" class=\"wp-block-spacer\"><\/div>\n<\/div>\n\n\n\n<div class=\"wp-block-column is-vertically-aligned-center is-layout-flow wp-block-column-is-layout-flow\" style=\"flex-basis:50%\">\n<figure class=\"wp-block-image\"><img decoding=\"async\" src=\"https:\/\/cursos.qualos.com.mx\/wp-content\/themes\/neve\/assets\/img\/starter-content\/card-04.jpg\" alt=\"\"\/><\/figure>\n\n\n\n<h3 class=\"has-text-align-center has-neve-text-color-color has-text-color wp-block-heading\">Diplomado de Metrolog\u00eda y Calidad en las Mediciones <\/h3>\n\n\n\n<p class=\"has-text-align-center has-neve-text-color-color has-text-color\"><span class=\"has-inline-color has-nv-dark-bg-color\">Objetivo: Incrementar las competencias y habilidades  del participante, mediante el an\u00e1lisis y evaluaci\u00f3n de las herramientas estad\u00edsticas que involucran el sistema de medici\u00f3n en la metrolog\u00eda y la acertada toma de decisiones en los resultados de las mediciones del producto y del proceso de la organizaci\u00f3n.<\/span><\/p>\n\n\n\n<div class=\"wp-block-buttons aligncenter is-layout-flex wp-block-buttons-is-layout-flex\">\n<div class=\"wp-block-button is-style-primary\"><a class=\"wp-block-button__link\" href=\"https:\/\/cursos.qualos.com.mx\/index.php\/diplomado-de-metrologia-y-calidad-en-las-mediciones\/\">ver mas<\/a><\/div>\n<\/div>\n\n\n\n<div style=\"height:40px\" aria-hidden=\"true\" class=\"wp-block-spacer\"><\/div>\n<\/div>\n<\/div>\n\n\n\n<div style=\"height:40px\" aria-hidden=\"true\" class=\"wp-block-spacer\"><\/div>\n<\/div><\/div>\n<\/div><\/div>\n\n\n\n<div class=\"wp-block-cover alignfull has-nv-dark-bg-background-color has-background-dim\" style=\"min-height:300px;aspect-ratio:unset;\"><div class=\"wp-block-cover__inner-container is-layout-flow wp-block-cover-is-layout-flow\">\n<div class=\"wp-block-columns is-layout-flex wp-container-core-columns-is-layout-28f84493 wp-block-columns-is-layout-flex\">\n<div class=\"wp-block-column is-layout-flow wp-block-column-is-layout-flow\" style=\"flex-basis:100%\">\n<div class=\"wp-block-columns is-layout-flex wp-container-core-columns-is-layout-28f84493 wp-block-columns-is-layout-flex\">\n<div class=\"wp-block-column is-layout-flow wp-block-column-is-layout-flow\">\n<div class=\"wp-block-image\"><figure class=\"aligncenter size-large is-resized\"><img decoding=\"async\" src=\"https:\/\/cursos.qualos.com.mx\/wp-content\/uploads\/2021\/03\/servicio-cliente-1.png\" alt=\"\" class=\"wp-image-75\" width=\"139\" height=\"155\"\/><\/figure><\/div>\n\n\n\n<p><\/p>\n<\/div>\n<\/div>\n<\/div>\n<\/div>\n\n\n\n<p class=\"has-text-align-center has-nv-text-dark-bg-color has-text-color\" style=\"font-size:14px\">Servicio al Cliente y Ventas<\/p>\n\n\n\n<p class=\"has-text-align-center\">Tel 52 (844) 4853350<\/p>\n\n\n\n<p class=\"has-text-align-center\">olga.lara@qualos.com.mx<\/p>\n\n\n\n<div class=\"wp-block-image\"><figure class=\"aligncenter size-large is-resized\"><a href=\"https:\/\/api.whatsapp.com\/send?phone=<5218443576020&gt;\"><img decoding=\"async\" src=\"https:\/\/cursos.qualos.com.mx\/wp-content\/uploads\/2021\/03\/watssap.png\" alt=\"\" class=\"wp-image-72\" width=\"51\" height=\"51\" srcset=\"https:\/\/cursos.qualos.com.mx\/wp-content\/uploads\/2021\/03\/watssap.png 102w, https:\/\/cursos.qualos.com.mx\/wp-content\/uploads\/2021\/03\/watssap-100x100.png 100w\" sizes=\"(max-width: 51px) 100vw, 51px\" \/><\/a><figcaption><strong><span class=\"has-inline-color has-nv-text-dark-bg-color\">Watsap  AQUI<\/span><\/strong><\/figcaption><\/figure><\/div>\n\n\n\n<p><\/p>\n<\/div><\/div>\n","protected":false},"excerpt":{"rendered":"","protected":false},"author":1,"featured_media":0,"parent":0,"menu_order":0,"comment_status":"closed","ping_status":"closed","template":"","meta":{"neve_meta_sidebar":"","neve_meta_container":"","neve_meta_enable_content_width":"on","neve_meta_content_width":100,"neve_meta_title_alignment":"","neve_meta_author_avatar":"","neve_post_elements_order":"","neve_meta_disable_header":"","neve_meta_disable_footer":"","neve_meta_disable_title":"on","_joinchat":[],"footnotes":""},"class_list":["post-9","page","type-page","status-publish","hentry"],"jetpack_sharing_enabled":true,"_links":{"self":[{"href":"https:\/\/cursos.qualos.com.mx\/index.php\/wp-json\/wp\/v2\/pages\/9","targetHints":{"allow":["GET"]}}],"collection":[{"href":"https:\/\/cursos.qualos.com.mx\/index.php\/wp-json\/wp\/v2\/pages"}],"about":[{"href":"https:\/\/cursos.qualos.com.mx\/index.php\/wp-json\/wp\/v2\/types\/page"}],"author":[{"embeddable":true,"href":"https:\/\/cursos.qualos.com.mx\/index.php\/wp-json\/wp\/v2\/users\/1"}],"replies":[{"embeddable":true,"href":"https:\/\/cursos.qualos.com.mx\/index.php\/wp-json\/wp\/v2\/comments?post=9"}],"version-history":[{"count":19,"href":"https:\/\/cursos.qualos.com.mx\/index.php\/wp-json\/wp\/v2\/pages\/9\/revisions"}],"predecessor-version":[{"id":196,"href":"https:\/\/cursos.qualos.com.mx\/index.php\/wp-json\/wp\/v2\/pages\/9\/revisions\/196"}],"wp:attachment":[{"href":"https:\/\/cursos.qualos.com.mx\/index.php\/wp-json\/wp\/v2\/media?parent=9"}],"curies":[{"name":"wp","href":"https:\/\/api.w.org\/{rel}","templated":true}]}}